{"id":7799,"date":"2026-03-05T09:54:07","date_gmt":"2026-03-05T09:54:07","guid":{"rendered":"https:\/\/origin-marine.com\/?post_type=product&#038;p=7799"},"modified":"2026-03-05T10:08:10","modified_gmt":"2026-03-05T10:08:10","slug":"williams-sportjet-395-2021-barcelona","status":"publish","type":"product","link":"https:\/\/origin-marine.com\/index.php\/product\/williams-sportjet-395-2021-barcelona","title":{"rendered":"Williams SportJet 395 \u2013 2021 \u2013 Barcelona"},"content":{"rendered":"<p class=\"my-2 [&amp;+p]:mt-4 [&amp;_strong:has(+br)]:inline-block [&amp;_strong:has(+br)]:pb-2\"><strong>Williams SportJet 395 2021 \u2013 Excelente estado, lista para navegar<\/strong><\/p>\n<h2 id=\"\" class=\"font-editorial font-bold mb-2 mt-4 [.has-inline-images_&amp;]:clear-end text-base first:mt-0\"><strong>Caracter\u00edsticas t\u00e9cnicas<\/strong><\/h2>\n<div class=\"group relative my-[1em]\">\n<div class=\"w-full overflow-auto scrollbar-subtle rounded-lg border md:max-w-[90vw] border-subtlest ring-subtlest divide-subtlest bg-raised\">\n<table class=\"[&amp;_tr:last-child_td]:border-b-0 my-0 w-full table-auto border-separate border-spacing-0 text-sm font-sans rounded-lg [&amp;_tr:last-child_td:first-child]:rounded-bl-lg [&amp;_tr:last-child_td:last-child]:rounded-br-lg\" style=\"height: 417px;\" width=\"538\">\n<thead class=\"\">\n<tr>\n<th class=\"border-subtlest p-sm min-w-[48px] break-normal border-b text-left align-bottom border-r last:border-r-0 font-bold bg-subtle first:border-radius-tl-lg last:border-radius-tr-lg\"><strong>Atributo<\/strong><\/th>\n<th class=\"border-subtlest p-sm min-w-[48px] break-normal border-b text-left align-bottom border-r last:border-r-0 font-bold bg-subtle first:border-radius-tl-lg last:border-radius-tr-lg\"><strong>Valor<\/strong><\/th>\n<\/tr>\n<\/thead>\n<tbody>\n<tr>\n<td class=\"border-subtlest px-sm min-w-[48px] break-normal border-b border-r last:border-r-0\"><strong>Model<\/strong><\/td>\n<td class=\"border-subtlest px-sm min-w-[48px] break-normal border-b border-r last:border-r-0\">SportJet 395<\/td>\n<\/tr>\n<tr>\n<td class=\"border-subtlest px-sm min-w-[48px] break-normal border-b border-r last:border-r-0\"><strong>Year<\/strong><\/td>\n<td class=\"border-subtlest px-sm min-w-[48px] break-normal border-b border-r last:border-r-0\">2021<\/td>\n<\/tr>\n<tr>\n<td class=\"border-subtlest px-sm min-w-[48px] break-normal border-b border-r last:border-r-0\"><strong>Condition<\/strong><\/td>\n<td class=\"border-subtlest px-sm min-w-[48px] break-normal border-b border-r last:border-r-0\">Very good<\/td>\n<\/tr>\n<tr>\n<td class=\"border-subtlest px-sm min-w-[48px] break-normal border-b border-r last:border-r-0\"><strong>Engine Make<\/strong><\/td>\n<td class=\"border-subtlest px-sm min-w-[48px] break-normal border-b border-r last:border-r-0\">BRP Rotax<\/td>\n<\/tr>\n<tr>\n<td class=\"border-subtlest px-sm min-w-[48px] break-normal border-b border-r last:border-r-0\"><strong>Power<\/strong><\/td>\n<td class=\"border-subtlest px-sm min-w-[48px] break-normal border-b border-r last:border-r-0\">90 HP<\/td>\n<\/tr>\n<tr>\n<td class=\"border-subtlest px-sm min-w-[48px] break-normal border-b border-r last:border-r-0\"><strong>Engine Hours<\/strong><\/td>\n<td class=\"border-subtlest px-sm min-w-[48px] break-normal border-b border-r last:border-r-0\">49<\/td>\n<\/tr>\n<tr>\n<td class=\"border-subtlest px-sm min-w-[48px] break-normal border-b border-r last:border-r-0\"><strong>Max Passengers<\/strong><\/td>\n<td class=\"border-subtlest px-sm min-w-[48px] break-normal border-b border-r last:border-r-0\">6<\/td>\n<\/tr>\n<tr>\n<td class=\"border-subtlest px-sm min-w-[48px] break-normal border-b border-r last:border-r-0\"><strong>Fuel Capacity<\/strong><\/td>\n<td class=\"border-subtlest px-sm min-w-[48px] break-normal border-b border-r last:border-r-0\">50 liters<\/td>\n<\/tr>\n<tr>\n<td class=\"border-subtlest px-sm min-w-[48px] break-normal border-b border-r last:border-r-0\"><strong>LOA<\/strong><\/td>\n<td class=\"border-subtlest px-sm min-w-[48px] break-normal border-b border-r last:border-r-0\">3.95 m \/ 12&#8217;11\u00bb ft<\/td>\n<\/tr>\n<tr>\n<td class=\"border-subtlest px-sm min-w-[48px] break-normal border-b border-r last:border-r-0\"><strong>Beam<\/strong><\/td>\n<td class=\"border-subtlest px-sm min-w-[48px] break-normal border-b border-r last:border-r-0\">1.85 m \/ 6&#8217;1&#8243; ft<\/td>\n<\/tr>\n<tr>\n<td class=\"border-subtlest px-sm min-w-[48px] break-normal border-b border-r last:border-r-0\"><strong>Dry Weight<\/strong><\/td>\n<td class=\"border-subtlest px-sm min-w-[48px] break-normal border-b border-r last:border-r-0\">410 kg<\/td>\n<\/tr>\n<tr>\n<td class=\"border-subtlest px-sm min-w-[48px] break-normal border-b border-r last:border-r-0\"><strong>Location<\/strong><\/td>\n<td class=\"border-subtlest px-sm min-w-[48px] break-normal border-b border-r last:border-r-0\">Barcelona, Espa\u00f1a<\/td>\n<\/tr>\n<tr>\n<td class=\"border-subtlest px-sm min-w-[48px] break-normal border-b border-r last:border-r-0\"><strong>Features<\/strong><\/td>\n<td class=\"border-subtlest px-sm min-w-[48px] break-normal border-b border-r last:border-r-0\">Platform bath, swim ladder, LED lights, USB<\/td>\n<\/tr>\n<\/tbody>\n<\/table>\n<\/div>\n<\/div>\n<p class=\"my-2 [&amp;+p]:mt-4 [&amp;_strong:has(+br)]:inline-block [&amp;_strong:has(+br)]:pb-2\">Esta Williams SportJet 395 del 2021 se encuentra en muy buen estado y est\u00e1 ubicada en Barcelona. Equipada con un potente motor\u00a0<strong>BRP Rotax de 90HP<\/strong>\u00a0que acumula \u00fanicamente\u00a0<strong>49 horas de uso<\/strong>, garantizando m\u00e1xima fiabilidad y rendimiento.<\/p>\n<p class=\"my-2 [&amp;+p]:mt-4 [&amp;_strong:has(+br)]:inline-block [&amp;_strong:has(+br)]:pb-2\"><strong>Caracter\u00edsticas destacadas:<\/strong><\/p>\n<ul class=\"marker:text-quiet list-disc\">\n<li class=\"py-0 my-0 prose-p:pt-0 prose-p:mb-2 prose-p:my-0 [&amp;&gt;p]:pt-0 [&amp;&gt;p]:mb-2 [&amp;&gt;p]:my-0\">\n<p class=\"my-2 [&amp;+p]:mt-4 [&amp;_strong:has(+br)]:inline-block [&amp;_strong:has(+br)]:pb-2\">Capacidad para\u00a0<strong>6 personas<\/strong><\/p>\n<\/li>\n<li class=\"py-0 my-0 prose-p:pt-0 prose-p:mb-2 prose-p:my-0 [&amp;&gt;p]:pt-0 [&amp;&gt;p]:mb-2 [&amp;&gt;p]:my-0\">\n<p class=\"my-2 [&amp;+p]:mt-4 [&amp;_strong:has(+br)]:inline-block [&amp;_strong:has(+br)]:pb-2\">Tanque de combustible de\u00a0<strong>50 litros<\/strong><\/p>\n<\/li>\n<li class=\"py-0 my-0 prose-p:pt-0 prose-p:mb-2 prose-p:my-0 [&amp;&gt;p]:pt-0 [&amp;&gt;p]:mb-2 [&amp;&gt;p]:my-0\">\n<p class=\"my-2 [&amp;+p]:mt-4 [&amp;_strong:has(+br)]:inline-block [&amp;_strong:has(+br)]:pb-2\">Ba\u00f1o de plataforma el\u00e9ctrico<\/p>\n<\/li>\n<li class=\"py-0 my-0 prose-p:pt-0 prose-p:mb-2 prose-p:my-0 [&amp;&gt;p]:pt-0 [&amp;&gt;p]:mb-2 [&amp;&gt;p]:my-0\">\n<p class=\"my-2 [&amp;+p]:mt-4 [&amp;_strong:has(+br)]:inline-block [&amp;_strong:has(+br)]:pb-2\">Escalera de ba\u00f1o<\/p>\n<\/li>\n<li class=\"py-0 my-0 prose-p:pt-0 prose-p:mb-2 prose-p:my-0 [&amp;&gt;p]:pt-0 [&amp;&gt;p]:mb-2 [&amp;&gt;p]:my-0\">\n<p class=\"my-2 [&amp;+p]:mt-4 [&amp;_strong:has(+br)]:inline-block [&amp;_strong:has(+br)]:pb-2\">Luces LED de navegaci\u00f3n<\/p>\n<\/li>\n<li class=\"py-0 my-0 prose-p:pt-0 prose-p:mb-2 prose-p:my-0 [&amp;&gt;p]:pt-0 [&amp;&gt;p]:mb-2 [&amp;&gt;p]:my-0\">\n<p class=\"my-2 [&amp;+p]:mt-4 [&amp;_strong:has(+br)]:inline-block [&amp;_strong:has(+br)]:pb-2\">Toma USB<\/p>\n<\/li>\n<li class=\"py-0 my-0 prose-p:pt-0 prose-p:mb-2 prose-p:my-0 [&amp;&gt;p]:pt-0 [&amp;&gt;p]:mb-2 [&amp;&gt;p]:my-0\">\n<p class=\"my-2 [&amp;+p]:mt-4 [&amp;_strong:has(+br)]:inline-block [&amp;_strong:has(+br)]:pb-2\">Asientos deportivos ergon\u00f3micos<\/p>\n<\/li>\n<li class=\"py-0 my-0 prose-p:pt-0 prose-p:mb-2 prose-p:my-0 [&amp;&gt;p]:pt-0 [&amp;&gt;p]:mb-2 [&amp;&gt;p]:my-0\">\n<p class=\"my-2 [&amp;+p]:mt-4 [&amp;_strong:has(+br)]:inline-block [&amp;_strong:has(+br)]:pb-2\">Sistema de audio opcional<\/p>\n<\/li>\n<li class=\"py-0 my-0 prose-p:pt-0 prose-p:mb-2 prose-p:my-0 [&amp;&gt;p]:pt-0 [&amp;&gt;p]:mb-2 [&amp;&gt;p]:my-0\">\n<p class=\"my-2 [&amp;+p]:mt-4 [&amp;_strong:has(+br)]:inline-block [&amp;_strong:has(+br)]:pb-2\">Colores: Blanco\/Gris (est\u00e1ndar SportJet)<\/p>\n<\/li>\n<\/ul>\n<p class=\"my-2 [&amp;+p]:mt-4 [&amp;_strong:has(+br)]:inline-block [&amp;_strong:has(+br)]:pb-2\">Con una eslora de\u00a0<strong>3.95m (12&#8217;11\u00bb)<\/strong>\u00a0y dise\u00f1o deportivo, esta tender es perfecta tanto para uso diario como para deportes acu\u00e1ticos o como embarcaci\u00f3n auxiliar de yates. Su bajo n\u00famero de horas y excelente mantenimiento la convierten en una oportunidad \u00fanica.<\/p>\n<hr class=\"bg-quiet h-px border-0\" \/>\n<div class=\"group relative my-[1em]\">\n<div class=\"w-full overflow-auto scrollbar-subtle rounded-lg border md:max-w-[90vw] border-subtlest ring-subtlest divide-subtlest bg-raised\"><\/div>\n<\/div>\n","protected":false},"excerpt":{"rendered":"<p>Williams SportJet 395 de 2021 en muy buen estado. Motor BRP Rotax 90HP con solo 49 horas, capacidad para 6 personas, 50L combustible. Equipamiento completo: ba\u00f1o de plataforma, escalera, luces LED, USB, perfecto para yates y deportes acu\u00e1ticos.<\/p>\n","protected":false},"featured_media":7819,"comment_status":"open","ping_status":"closed","template":"","meta":[],"product_brand":[],"product_cat":[72,64,60],"product_tag":[],"class_list":{"0":"post-7799","1":"product","2":"type-product","3":"status-publish","4":"has-post-thumbnail","6":"product_cat-embarcacion","7":"product_cat-sportjet","8":"product_cat-williams-jet-tender","10":"first","11":"instock","12":"shipping-taxable","13":"purchasable","14":"product-type-simple"},"yoast_head":"<!-- This site is optimized with the Yoast SEO plugin v27.2 - https:\/\/yoast.com\/product\/yoast-seo-wordpress\/ -->\r\n<title>Williams SportJet 395 2021 \u2013 49h \u2013 Barcelona | Origin Marine<\/title>\r\n<meta name=\"description\" content=\"Williams SportJet 395 2021 en excelente estado en Barcelona. BRP Rotax 90HP, solo 49 horas, ba\u00f1o plataforma, luces LED. Tender perfecto para yates.\" \/>\r\n<meta name=\"robots\" content=\"index, follow, max-snippet:-1, max-image-preview:large, max-video-preview:-1\" \/>\r\n<link rel=\"canonical\" href=\"https:\/\/origin-marine.com\/index.php\/product\/williams-sportjet-395-2021-barcelona\" \/>\r\n<meta property=\"og:locale\" content=\"es_ES\" \/>\r\n<meta property=\"og:type\" content=\"article\" \/>\r\n<meta property=\"og:title\" content=\"Williams SportJet 395 2021 \u2013 49h \u2013 Barcelona | Origin Marine\" \/>\r\n<meta property=\"og:description\" content=\"Williams SportJet 395 2021 en excelente estado en Barcelona. BRP Rotax 90HP, solo 49 horas, ba\u00f1o plataforma, luces LED. Tender perfecto para yates.\" \/>\r\n<meta property=\"og:url\" content=\"https:\/\/origin-marine.com\/index.php\/product\/williams-sportjet-395-2021-barcelona\" \/>\r\n<meta property=\"og:site_name\" content=\"Origin Marine\" \/>\r\n<meta property=\"article:modified_time\" content=\"2026-03-05T10:08:10+00:00\" \/>\r\n<meta property=\"og:image\" content=\"https:\/\/origin-marine.com\/wp-content\/uploads\/2026\/03\/2021-williams-jet-tenders-sportjet-395-power-10098915-20260305012521860-0.jpg\" \/>\r\n\t<meta property=\"og:image:width\" content=\"900\" \/>\r\n\t<meta property=\"og:image:height\" content=\"900\" \/>\r\n\t<meta property=\"og:image:type\" content=\"image\/jpeg\" \/>\r\n<meta name=\"twitter:card\" content=\"summary_large_image\" \/>\r\n<meta name=\"twitter:label1\" content=\"Tiempo de lectura\" \/>\n\t<meta name=\"twitter:data1\" content=\"2 minutos\" \/>\r\n<script type=\"application\/ld+json\" class=\"yoast-schema-graph\">{\"@context\":\"https:\/\/schema.org\",\"@graph\":[{\"@type\":\"WebPage\",\"@id\":\"https:\/\/origin-marine.com\/index.php\/product\/williams-sportjet-395-2021-barcelona\",\"url\":\"https:\/\/origin-marine.com\/index.php\/product\/williams-sportjet-395-2021-barcelona\",\"name\":\"Williams SportJet 395 2021 \u2013 49h \u2013 Barcelona | Origin Marine\",\"isPartOf\":{\"@id\":\"https:\/\/origin-marine.com\/#website\"},\"primaryImageOfPage\":{\"@id\":\"https:\/\/origin-marine.com\/index.php\/product\/williams-sportjet-395-2021-barcelona#primaryimage\"},\"image\":{\"@id\":\"https:\/\/origin-marine.com\/index.php\/product\/williams-sportjet-395-2021-barcelona#primaryimage\"},\"thumbnailUrl\":\"https:\/\/origin-marine.com\/wp-content\/uploads\/2026\/03\/2021-williams-jet-tenders-sportjet-395-power-10098915-20260305012521860-0.jpg\",\"datePublished\":\"2026-03-05T09:54:07+00:00\",\"dateModified\":\"2026-03-05T10:08:10+00:00\",\"description\":\"Williams SportJet 395 2021 en excelente estado en Barcelona. BRP Rotax 90HP, solo 49 horas, ba\u00f1o plataforma, luces LED. Tender perfecto para yates.\",\"breadcrumb\":{\"@id\":\"https:\/\/origin-marine.com\/index.php\/product\/williams-sportjet-395-2021-barcelona#breadcrumb\"},\"inLanguage\":\"es\",\"potentialAction\":[{\"@type\":\"ReadAction\",\"target\":[\"https:\/\/origin-marine.com\/index.php\/product\/williams-sportjet-395-2021-barcelona\"]}]},{\"@type\":\"ImageObject\",\"inLanguage\":\"es\",\"@id\":\"https:\/\/origin-marine.com\/index.php\/product\/williams-sportjet-395-2021-barcelona#primaryimage\",\"url\":\"https:\/\/origin-marine.com\/wp-content\/uploads\/2026\/03\/2021-williams-jet-tenders-sportjet-395-power-10098915-20260305012521860-0.jpg\",\"contentUrl\":\"https:\/\/origin-marine.com\/wp-content\/uploads\/2026\/03\/2021-williams-jet-tenders-sportjet-395-power-10098915-20260305012521860-0.jpg\",\"width\":900,\"height\":900},{\"@type\":\"BreadcrumbList\",\"@id\":\"https:\/\/origin-marine.com\/index.php\/product\/williams-sportjet-395-2021-barcelona#breadcrumb\",\"itemListElement\":[{\"@type\":\"ListItem\",\"position\":1,\"name\":\"Portada\",\"item\":\"https:\/\/origin-marine.com\/\"},{\"@type\":\"ListItem\",\"position\":2,\"name\":\"Shop\",\"item\":\"https:\/\/origin-marine.com\/index.php\/shop\"},{\"@type\":\"ListItem\",\"position\":3,\"name\":\"Williams SportJet 395 \u2013 2021 \u2013 Barcelona\"}]},{\"@type\":\"WebSite\",\"@id\":\"https:\/\/origin-marine.com\/#website\",\"url\":\"https:\/\/origin-marine.com\/\",\"name\":\"Origin Marine\",\"description\":\"Tienda de suministros marinos\",\"publisher\":{\"@id\":\"https:\/\/origin-marine.com\/#organization\"},\"potentialAction\":[{\"@type\":\"SearchAction\",\"target\":{\"@type\":\"EntryPoint\",\"urlTemplate\":\"https:\/\/origin-marine.com\/?s={search_term_string}\"},\"query-input\":{\"@type\":\"PropertyValueSpecification\",\"valueRequired\":true,\"valueName\":\"search_term_string\"}}],\"inLanguage\":\"es\"},{\"@type\":\"Organization\",\"@id\":\"https:\/\/origin-marine.com\/#organization\",\"name\":\"Origin Marine\",\"url\":\"https:\/\/origin-marine.com\/\",\"logo\":{\"@type\":\"ImageObject\",\"inLanguage\":\"es\",\"@id\":\"https:\/\/origin-marine.com\/#\/schema\/logo\/image\/\",\"url\":\"https:\/\/origin-marine.com\/wp-content\/uploads\/2021\/11\/Origin-Marine-Logo-1920-x-300-px-3.png\",\"contentUrl\":\"https:\/\/origin-marine.com\/wp-content\/uploads\/2021\/11\/Origin-Marine-Logo-1920-x-300-px-3.png\",\"width\":1920,\"height\":300,\"caption\":\"Origin Marine\"},\"image\":{\"@id\":\"https:\/\/origin-marine.com\/#\/schema\/logo\/image\/\"}}]}<\/script>\r\n<!-- \/ Yoast SEO plugin. -->","yoast_head_json":{"title":"Williams SportJet 395 2021 \u2013 49h \u2013 Barcelona | Origin Marine","description":"Williams SportJet 395 2021 en excelente estado en Barcelona. BRP Rotax 90HP, solo 49 horas, ba\u00f1o plataforma, luces LED. Tender perfecto para yates.","robots":{"index":"index","follow":"follow","max-snippet":"max-snippet:-1","max-image-preview":"max-image-preview:large","max-video-preview":"max-video-preview:-1"},"canonical":"https:\/\/origin-marine.com\/index.php\/product\/williams-sportjet-395-2021-barcelona","og_locale":"es_ES","og_type":"article","og_title":"Williams SportJet 395 2021 \u2013 49h \u2013 Barcelona | Origin Marine","og_description":"Williams SportJet 395 2021 en excelente estado en Barcelona. BRP Rotax 90HP, solo 49 horas, ba\u00f1o plataforma, luces LED. Tender perfecto para yates.","og_url":"https:\/\/origin-marine.com\/index.php\/product\/williams-sportjet-395-2021-barcelona","og_site_name":"Origin Marine","article_modified_time":"2026-03-05T10:08:10+00:00","og_image":[{"width":900,"height":900,"url":"https:\/\/origin-marine.com\/wp-content\/uploads\/2026\/03\/2021-williams-jet-tenders-sportjet-395-power-10098915-20260305012521860-0.jpg","type":"image\/jpeg"}],"twitter_card":"summary_large_image","twitter_misc":{"Tiempo de lectura":"2 minutos"},"schema":{"@context":"https:\/\/schema.org","@graph":[{"@type":"WebPage","@id":"https:\/\/origin-marine.com\/index.php\/product\/williams-sportjet-395-2021-barcelona","url":"https:\/\/origin-marine.com\/index.php\/product\/williams-sportjet-395-2021-barcelona","name":"Williams SportJet 395 2021 \u2013 49h \u2013 Barcelona | Origin Marine","isPartOf":{"@id":"https:\/\/origin-marine.com\/#website"},"primaryImageOfPage":{"@id":"https:\/\/origin-marine.com\/index.php\/product\/williams-sportjet-395-2021-barcelona#primaryimage"},"image":{"@id":"https:\/\/origin-marine.com\/index.php\/product\/williams-sportjet-395-2021-barcelona#primaryimage"},"thumbnailUrl":"https:\/\/origin-marine.com\/wp-content\/uploads\/2026\/03\/2021-williams-jet-tenders-sportjet-395-power-10098915-20260305012521860-0.jpg","datePublished":"2026-03-05T09:54:07+00:00","dateModified":"2026-03-05T10:08:10+00:00","description":"Williams SportJet 395 2021 en excelente estado en Barcelona. BRP Rotax 90HP, solo 49 horas, ba\u00f1o plataforma, luces LED. Tender perfecto para yates.","breadcrumb":{"@id":"https:\/\/origin-marine.com\/index.php\/product\/williams-sportjet-395-2021-barcelona#breadcrumb"},"inLanguage":"es","potentialAction":[{"@type":"ReadAction","target":["https:\/\/origin-marine.com\/index.php\/product\/williams-sportjet-395-2021-barcelona"]}]},{"@type":"ImageObject","inLanguage":"es","@id":"https:\/\/origin-marine.com\/index.php\/product\/williams-sportjet-395-2021-barcelona#primaryimage","url":"https:\/\/origin-marine.com\/wp-content\/uploads\/2026\/03\/2021-williams-jet-tenders-sportjet-395-power-10098915-20260305012521860-0.jpg","contentUrl":"https:\/\/origin-marine.com\/wp-content\/uploads\/2026\/03\/2021-williams-jet-tenders-sportjet-395-power-10098915-20260305012521860-0.jpg","width":900,"height":900},{"@type":"BreadcrumbList","@id":"https:\/\/origin-marine.com\/index.php\/product\/williams-sportjet-395-2021-barcelona#breadcrumb","itemListElement":[{"@type":"ListItem","position":1,"name":"Portada","item":"https:\/\/origin-marine.com\/"},{"@type":"ListItem","position":2,"name":"Shop","item":"https:\/\/origin-marine.com\/index.php\/shop"},{"@type":"ListItem","position":3,"name":"Williams SportJet 395 \u2013 2021 \u2013 Barcelona"}]},{"@type":"WebSite","@id":"https:\/\/origin-marine.com\/#website","url":"https:\/\/origin-marine.com\/","name":"Origin Marine","description":"Tienda de suministros marinos","publisher":{"@id":"https:\/\/origin-marine.com\/#organization"},"potentialAction":[{"@type":"SearchAction","target":{"@type":"EntryPoint","urlTemplate":"https:\/\/origin-marine.com\/?s={search_term_string}"},"query-input":{"@type":"PropertyValueSpecification","valueRequired":true,"valueName":"search_term_string"}}],"inLanguage":"es"},{"@type":"Organization","@id":"https:\/\/origin-marine.com\/#organization","name":"Origin Marine","url":"https:\/\/origin-marine.com\/","logo":{"@type":"ImageObject","inLanguage":"es","@id":"https:\/\/origin-marine.com\/#\/schema\/logo\/image\/","url":"https:\/\/origin-marine.com\/wp-content\/uploads\/2021\/11\/Origin-Marine-Logo-1920-x-300-px-3.png","contentUrl":"https:\/\/origin-marine.com\/wp-content\/uploads\/2021\/11\/Origin-Marine-Logo-1920-x-300-px-3.png","width":1920,"height":300,"caption":"Origin Marine"},"image":{"@id":"https:\/\/origin-marine.com\/#\/schema\/logo\/image\/"}}]}},"_links":{"self":[{"href":"https:\/\/origin-marine.com\/index.php\/wp-json\/wp\/v2\/product\/7799","targetHints":{"allow":["GET"]}}],"collection":[{"href":"https:\/\/origin-marine.com\/index.php\/wp-json\/wp\/v2\/product"}],"about":[{"href":"https:\/\/origin-marine.com\/index.php\/wp-json\/wp\/v2\/types\/product"}],"replies":[{"embeddable":true,"href":"https:\/\/origin-marine.com\/index.php\/wp-json\/wp\/v2\/comments?post=7799"}],"wp:featuredmedia":[{"embeddable":true,"href":"https:\/\/origin-marine.com\/index.php\/wp-json\/wp\/v2\/media\/7819"}],"wp:attachment":[{"href":"https:\/\/origin-marine.com\/index.php\/wp-json\/wp\/v2\/media?parent=7799"}],"wp:term":[{"taxonomy":"product_brand","embeddable":true,"href":"https:\/\/origin-marine.com\/index.php\/wp-json\/wp\/v2\/product_brand?post=7799"},{"taxonomy":"product_cat","embeddable":true,"href":"https:\/\/origin-marine.com\/index.php\/wp-json\/wp\/v2\/product_cat?post=7799"},{"taxonomy":"product_tag","embeddable":true,"href":"https:\/\/origin-marine.com\/index.php\/wp-json\/wp\/v2\/product_tag?post=7799"}],"curies":[{"name":"wp","href":"https:\/\/api.w.org\/{rel}","templated":true}]}}