{"id":6746,"date":"2024-07-10T10:00:47","date_gmt":"2024-07-10T10:00:47","guid":{"rendered":"http:\/\/origin-marine.com\/?page_id=6746"},"modified":"2024-07-10T10:02:29","modified_gmt":"2024-07-10T10:02:29","slug":"elementor-6746","status":"publish","type":"page","link":"https:\/\/origin-marine.com\/index.php\/elementor-6746","title":{"rendered":"Scorpion Ribs"},"content":{"rendered":"\t\t<div data-elementor-type=\"wp-page\" data-elementor-id=\"6746\" class=\"elementor elementor-6746\" data-elementor-post-type=\"page\">\n\t\t\t\t\t\t<section class=\"elementor-section elementor-top-section elementor-element elementor-element-40b662ed elementor-section-full_width elementor-section-height-min-height elementor-section-items-stretch elementor-section-height-default\" data-id=\"40b662ed\" data-element_type=\"section\" data-e-type=\"section\">\n\t\t\t\t\t\t<div class=\"elementor-container elementor-column-gap-default\">\n\t\t\t\t\t<div class=\"elementor-column elementor-col-50 elementor-top-column elementor-element elementor-element-69cd1d28\" data-id=\"69cd1d28\" data-element_type=\"column\" data-e-type=\"column\">\n\t\t\t<div class=\"elementor-widget-wrap elementor-element-populated\">\n\t\t\t\t\t\t<div class=\"elementor-element elementor-element-5bdfb2ac elementor-widget__width-auto elementor-widget elementor-widget-image\" data-id=\"5bdfb2ac\" data-element_type=\"widget\" data-e-type=\"widget\" data-widget_type=\"image.default\">\n\t\t\t\t<div class=\"elementor-widget-container\">\n\t\t\t\t\t\t\t\t\t\t\t\t\t\t\t<img fetchpriority=\"high\" decoding=\"async\" width=\"940\" height=\"300\" src=\"https:\/\/origin-marine.com\/wp-content\/uploads\/2024\/07\/Scorpion-Ribs.png\" class=\"attachment-full size-full wp-image-6712\" alt=\"\" srcset=\"https:\/\/origin-marine.com\/wp-content\/uploads\/2024\/07\/Scorpion-Ribs.png 940w, https:\/\/origin-marine.com\/wp-content\/uploads\/2024\/07\/Scorpion-Ribs-300x96.png 300w, https:\/\/origin-marine.com\/wp-content\/uploads\/2024\/07\/Scorpion-Ribs-768x245.png 768w, https:\/\/origin-marine.com\/wp-content\/uploads\/2024\/07\/Scorpion-Ribs-188x60.png 188w\" sizes=\"(max-width: 940px) 100vw, 940px\" \/>\t\t\t\t\t\t\t\t\t\t\t\t\t\t\t<\/div>\n\t\t\t\t<\/div>\n\t\t\t\t\t<\/div>\n\t\t<\/div>\n\t\t\t\t<div class=\"elementor-column elementor-col-50 elementor-top-column elementor-element elementor-element-6b00f706\" data-id=\"6b00f706\" data-element_type=\"column\" data-e-type=\"column\">\n\t\t\t<div class=\"elementor-widget-wrap elementor-element-populated\">\n\t\t\t\t\t\t<div class=\"elementor-element elementor-element-33dfe6b6 elementor-widget elementor-widget-heading\" data-id=\"33dfe6b6\" data-element_type=\"widget\" data-e-type=\"widget\" data-widget_type=\"heading.default\">\n\t\t\t\t<div class=\"elementor-widget-container\">\n\t\t\t\t\t<h1 class=\"elementor-heading-title elementor-size-default\">Scorpion Ribs<\/h1>\t\t\t\t<\/div>\n\t\t\t\t<\/div>\n\t\t\t\t\t<\/div>\n\t\t<\/div>\n\t\t\t\t\t<\/div>\n\t\t<\/section>\n\t\t\t\t<section class=\"elementor-section elementor-top-section elementor-element elementor-element-43e5e225 elementor-section-full_width elementor-section-height-min-height elementor-section-items-stretch elementor-section-height-default\" data-id=\"43e5e225\" data-element_type=\"section\" data-e-type=\"section\">\n\t\t\t\t\t\t<div class=\"elementor-container elementor-column-gap-default\">\n\t\t\t\t\t<div class=\"elementor-column elementor-col-50 elementor-top-column elementor-element elementor-element-655d5a02\" data-id=\"655d5a02\" data-element_type=\"column\" data-e-type=\"column\">\n\t\t\t<div class=\"elementor-widget-wrap elementor-element-populated\">\n\t\t\t\t\t\t<div class=\"elementor-element elementor-element-747f2c7 elementor-widget elementor-widget-image\" data-id=\"747f2c7\" data-element_type=\"widget\" data-e-type=\"widget\" data-widget_type=\"image.default\">\n\t\t\t\t<div class=\"elementor-widget-container\">\n\t\t\t\t\t\t\t\t\t\t\t\t\t\t\t<img decoding=\"async\" width=\"940\" height=\"627\" data-src=\"https:\/\/origin-marine.com\/wp-content\/uploads\/2024\/07\/SCR-1080.png\" class=\"attachment-large size-large wp-image-6719 lazyload\" alt=\"\" data-srcset=\"https:\/\/origin-marine.com\/wp-content\/uploads\/2024\/07\/SCR-1080.png 940w, https:\/\/origin-marine.com\/wp-content\/uploads\/2024\/07\/SCR-1080-300x200.png 300w, https:\/\/origin-marine.com\/wp-content\/uploads\/2024\/07\/SCR-1080-768x512.png 768w, https:\/\/origin-marine.com\/wp-content\/uploads\/2024\/07\/SCR-1080-90x60.png 90w\" data-sizes=\"(max-width: 940px) 100vw, 940px\" src=\"data:image\/svg+xml;base64,PHN2ZyB3aWR0aD0iMSIgaGVpZ2h0PSIxIiB4bWxucz0iaHR0cDovL3d3dy53My5vcmcvMjAwMC9zdmciPjwvc3ZnPg==\" style=\"--smush-placeholder-width: 940px; --smush-placeholder-aspect-ratio: 940\/627;\" \/>\t\t\t\t\t\t\t\t\t\t\t\t\t\t\t<\/div>\n\t\t\t\t<\/div>\n\t\t\t\t\t<\/div>\n\t\t<\/div>\n\t\t\t\t<div class=\"elementor-column elementor-col-50 elementor-top-column elementor-element elementor-element-9b92b92\" data-id=\"9b92b92\" data-element_type=\"column\" data-e-type=\"column\">\n\t\t\t<div class=\"elementor-widget-wrap elementor-element-populated\">\n\t\t\t\t\t\t<div class=\"elementor-element elementor-element-7920ab2d elementor-widget__width-initial elementor-widget elementor-widget-text-editor\" data-id=\"7920ab2d\" data-element_type=\"widget\" data-e-type=\"widget\" data-widget_type=\"text-editor.default\">\n\t\t\t\t<div class=\"elementor-widget-container\">\n\t\t\t\t\t\t\t\t\t<p>Cada <strong>Scorpion<\/strong> se construye a mano seg\u00fan los requisitos precisos de su propietario en la f\u00e1brica de Lymington (Reino Unido). Todos los aspectos del dise\u00f1o, estilo, moldeado y ensamblaje de las embarcaciones corren a cargo de nuestros equipos internos especializados, incluida la fabricaci\u00f3n de los tubos y la instalaci\u00f3n de los motores. El control total sobre el dise\u00f1o y la construcci\u00f3n ofrece infinitas posibilidades de personalizaci\u00f3n, hasta el punto de que incluso podemos alargar o acortar nuestros modelos para que se adapten perfectamente a sus necesidades.<\/p><p>Los tres modelos de la gama actual se diferencian por su manga total: el Serket, de 2,75 m, el Sting, de 3,1 m, y el Silurian, de 3,25 m, y est\u00e1n disponibles con diversas opciones de potencia, como intraborda, fueraborda y chorro de agua. Adem\u00e1s, el Sting est\u00e1 disponible con opci\u00f3n de cabina, as\u00ed como con ba\u00f1era abierta.<\/p><p>Servicio postventa en el Mediterr\u00e1neo: julian@origin-marine.com<\/p>\t\t\t\t\t\t\t\t<\/div>\n\t\t\t\t<\/div>\n\t\t\t\t\t<\/div>\n\t\t<\/div>\n\t\t\t\t\t<\/div>\n\t\t<\/section>\n\t\t\t\t<section class=\"elementor-section elementor-top-section elementor-element elementor-element-b764e8f elementor-section-full_width elementor-section-height-default elementor-section-height-default\" data-id=\"b764e8f\" data-element_type=\"section\" data-e-type=\"section\" data-settings=\"{&quot;background_background&quot;:&quot;video&quot;,&quot;background_video_link&quot;:&quot;https:\\\/\\\/www.youtube.com\\\/watch?v=Dp2Hxl0ADNk&amp;ab_channel=channel.R&quot;,&quot;background_video_start&quot;:2,&quot;background_video_end&quot;:27,&quot;background_play_on_mobile&quot;:&quot;yes&quot;}\">\n\t\t\t\t\t\t\t\t<div class=\"elementor-background-video-container\">\n\t\t\t\t\t\t\t\t\t\t\t\t\t<div class=\"elementor-background-video-embed\" role=\"presentation\"><\/div>\n\t\t\t\t\t\t\t\t\t\t\t\t<\/div>\n\t\t\t\t\t\t\t\t<div class=\"elementor-container elementor-column-gap-default\">\n\t\t\t\t\t<div class=\"elementor-column elementor-col-100 elementor-top-column elementor-element elementor-element-1cbb19a4\" data-id=\"1cbb19a4\" data-element_type=\"column\" data-e-type=\"column\">\n\t\t\t<div class=\"elementor-widget-wrap elementor-element-populated\">\n\t\t\t\t\t\t<div class=\"elementor-element elementor-element-3b302d89 elementor-widget elementor-widget-spacer\" data-id=\"3b302d89\" data-element_type=\"widget\" data-e-type=\"widget\" data-widget_type=\"spacer.default\">\n\t\t\t\t<div class=\"elementor-widget-container\">\n\t\t\t\t\t\t\t<div class=\"elementor-spacer\">\n\t\t\t<div class=\"elementor-spacer-inner\"><\/div>\n\t\t<\/div>\n\t\t\t\t\t\t<\/div>\n\t\t\t\t<\/div>\n\t\t\t\t\t<\/div>\n\t\t<\/div>\n\t\t\t\t\t<\/div>\n\t\t<\/section>\n\t\t\t\t<section class=\"elementor-section elementor-top-section elementor-element elementor-element-6c6c87cd elementor-section-full_width elementor-section-height-min-height elementor-section-items-stretch elementor-section-height-default\" data-id=\"6c6c87cd\" data-element_type=\"section\" data-e-type=\"section\">\n\t\t\t\t\t\t<div class=\"elementor-container elementor-column-gap-default\">\n\t\t\t\t\t<div class=\"elementor-column elementor-col-100 elementor-top-column elementor-element elementor-element-34409753\" data-id=\"34409753\" data-element_type=\"column\" data-e-type=\"column\">\n\t\t\t<div class=\"elementor-widget-wrap elementor-element-populated\">\n\t\t\t\t\t\t<div class=\"elementor-element elementor-element-7f2801d5 elementor-widget elementor-widget-image-carousel\" data-id=\"7f2801d5\" data-element_type=\"widget\" data-e-type=\"widget\" data-settings=\"{&quot;slides_to_show&quot;:&quot;3&quot;,&quot;slides_to_scroll&quot;:&quot;1&quot;,&quot;navigation&quot;:&quot;none&quot;,&quot;pause_on_hover&quot;:&quot;no&quot;,&quot;pause_on_interaction&quot;:&quot;no&quot;,&quot;slides_to_show_mobile&quot;:&quot;1&quot;,&quot;image_spacing_custom&quot;:{&quot;unit&quot;:&quot;px&quot;,&quot;size&quot;:54,&quot;sizes&quot;:[]},&quot;autoplay&quot;:&quot;yes&quot;,&quot;autoplay_speed&quot;:5000,&quot;infinite&quot;:&quot;yes&quot;,&quot;speed&quot;:500,&quot;image_spacing_custom_tablet&quot;:{&quot;unit&quot;:&quot;px&quot;,&quot;size&quot;:&quot;&quot;,&quot;sizes&quot;:[]}}\" data-widget_type=\"image-carousel.default\">\n\t\t\t\t<div class=\"elementor-widget-container\">\n\t\t\t\t\t\t\t<div class=\"elementor-image-carousel-wrapper swiper\" role=\"region\" aria-roledescription=\"carousel\" aria-label=\"Carrusel de im\u00e1genes\" dir=\"ltr\">\n\t\t\t<div class=\"elementor-image-carousel swiper-wrapper\" aria-live=\"off\">\n\t\t\t\t\t\t\t\t<div class=\"swiper-slide\" role=\"group\" aria-roledescription=\"slide\" aria-label=\"1 de 4\"><figure class=\"swiper-slide-inner\"><img decoding=\"async\" class=\"swiper-slide-image lazyload\" data-src=\"https:\/\/origin-marine.com\/wp-content\/uploads\/2024\/07\/1-1024x1024.png\" alt=\"1\" src=\"data:image\/svg+xml;base64,PHN2ZyB3aWR0aD0iMSIgaGVpZ2h0PSIxIiB4bWxucz0iaHR0cDovL3d3dy53My5vcmcvMjAwMC9zdmciPjwvc3ZnPg==\" style=\"--smush-placeholder-width: 1024px; --smush-placeholder-aspect-ratio: 1024\/1024;\" \/><\/figure><\/div><div class=\"swiper-slide\" role=\"group\" aria-roledescription=\"slide\" aria-label=\"2 de 4\"><figure class=\"swiper-slide-inner\"><img decoding=\"async\" class=\"swiper-slide-image lazyload\" data-src=\"https:\/\/origin-marine.com\/wp-content\/uploads\/2024\/07\/2-1024x1024.png\" alt=\"2\" src=\"data:image\/svg+xml;base64,PHN2ZyB3aWR0aD0iMSIgaGVpZ2h0PSIxIiB4bWxucz0iaHR0cDovL3d3dy53My5vcmcvMjAwMC9zdmciPjwvc3ZnPg==\" style=\"--smush-placeholder-width: 1024px; --smush-placeholder-aspect-ratio: 1024\/1024;\" \/><\/figure><\/div><div class=\"swiper-slide\" role=\"group\" aria-roledescription=\"slide\" aria-label=\"3 de 4\"><figure class=\"swiper-slide-inner\"><img decoding=\"async\" class=\"swiper-slide-image lazyload\" data-src=\"https:\/\/origin-marine.com\/wp-content\/uploads\/2024\/07\/3-1024x1024.png\" alt=\"3\" src=\"data:image\/svg+xml;base64,PHN2ZyB3aWR0aD0iMSIgaGVpZ2h0PSIxIiB4bWxucz0iaHR0cDovL3d3dy53My5vcmcvMjAwMC9zdmciPjwvc3ZnPg==\" style=\"--smush-placeholder-width: 1024px; --smush-placeholder-aspect-ratio: 1024\/1024;\" \/><\/figure><\/div><div class=\"swiper-slide\" role=\"group\" aria-roledescription=\"slide\" aria-label=\"4 de 4\"><figure class=\"swiper-slide-inner\"><img decoding=\"async\" class=\"swiper-slide-image lazyload\" data-src=\"https:\/\/origin-marine.com\/wp-content\/uploads\/2024\/07\/4-1024x1024.png\" alt=\"4\" src=\"data:image\/svg+xml;base64,PHN2ZyB3aWR0aD0iMSIgaGVpZ2h0PSIxIiB4bWxucz0iaHR0cDovL3d3dy53My5vcmcvMjAwMC9zdmciPjwvc3ZnPg==\" style=\"--smush-placeholder-width: 1024px; --smush-placeholder-aspect-ratio: 1024\/1024;\" \/><\/figure><\/div>\t\t\t<\/div>\n\t\t\t\t\t\t\t\n\t\t\t\t\t\t\t\t\t<\/div>\n\t\t\t\t\t\t<\/div>\n\t\t\t\t<\/div>\n\t\t\t\t\t<\/div>\n\t\t<\/div>\n\t\t\t\t\t<\/div>\n\t\t<\/section>\n\t\t\t\t<section class=\"elementor-section elementor-top-section elementor-element elementor-element-462ca281 elementor-section-full_width elementor-section-height-default elementor-section-height-default\" data-id=\"462ca281\" data-element_type=\"section\" data-e-type=\"section\" data-settings=\"{&quot;background_background&quot;:&quot;gradient&quot;}\">\n\t\t\t\t\t\t<div class=\"elementor-container elementor-column-gap-default\">\n\t\t\t\t\t<div class=\"elementor-column elementor-col-50 elementor-top-column elementor-element elementor-element-578b6b1b\" data-id=\"578b6b1b\" data-element_type=\"column\" data-e-type=\"column\">\n\t\t\t<div class=\"elementor-widget-wrap elementor-element-populated\">\n\t\t\t\t\t\t<div class=\"elementor-element elementor-element-2da05ba3 elementor-widget elementor-widget-heading\" data-id=\"2da05ba3\" data-element_type=\"widget\" data-e-type=\"widget\" data-widget_type=\"heading.default\">\n\t\t\t\t<div class=\"elementor-widget-container\">\n\t\t\t\t\t<h2 class=\"elementor-heading-title elementor-size-default\">Tu tienda n\u00e1utica de confianza<\/h2>\t\t\t\t<\/div>\n\t\t\t\t<\/div>\n\t\t\t\t\t<\/div>\n\t\t<\/div>\n\t\t\t\t<div class=\"elementor-column elementor-col-50 elementor-top-column elementor-element elementor-element-3c85f2f1\" data-id=\"3c85f2f1\" data-element_type=\"column\" data-e-type=\"column\">\n\t\t\t<div class=\"elementor-widget-wrap elementor-element-populated\">\n\t\t\t\t\t\t<div class=\"elementor-element elementor-element-c8ef6f8 elementor-align-right elementor-widget elementor-widget-button\" data-id=\"c8ef6f8\" data-element_type=\"widget\" data-e-type=\"widget\" data-widget_type=\"button.default\">\n\t\t\t\t<div class=\"elementor-widget-container\">\n\t\t\t\t\t\t\t\t\t<div class=\"elementor-button-wrapper\">\n\t\t\t\t\t<a class=\"elementor-button elementor-button-link elementor-size-md\" href=\"http:\/\/origin-marine.com\/index.php\/contact\">\n\t\t\t\t\t\t<span class=\"elementor-button-content-wrapper\">\n\t\t\t\t\t\t\t\t\t<span class=\"elementor-button-text\">Contacta con nosotros<\/span>\n\t\t\t\t\t<\/span>\n\t\t\t\t\t<\/a>\n\t\t\t\t<\/div>\n\t\t\t\t\t\t\t\t<\/div>\n\t\t\t\t<\/div>\n\t\t\t\t\t<\/div>\n\t\t<\/div>\n\t\t\t\t\t<\/div>\n\t\t<\/section>\n\t\t\t\t<\/div>\n\t\t","protected":false},"excerpt":{"rendered":"<p>Scorpion Ribs Cada Scorpion se construye a mano seg\u00fan los requisitos precisos de su propietario en la f\u00e1brica de Lymington (Reino Unido). Todos los aspectos del dise\u00f1o, estilo, moldeado y ensamblaje de las embarcaciones corren a cargo de nuestros equipos internos especializados, incluida la fabricaci\u00f3n de los tubos y la instalaci\u00f3n de los motores. El &hellip; <\/p>\n","protected":false},"author":1,"featured_media":0,"parent":0,"menu_order":0,"comment_status":"closed","ping_status":"closed","template":"","meta":{"footnotes":""},"class_list":["post-6746","page","type-page","status-publish","hentry"],"yoast_head":"<!-- This site is optimized with the Yoast SEO plugin v27.2 - https:\/\/yoast.com\/product\/yoast-seo-wordpress\/ -->\r\n<title>Scorpion Ribs - Origin Marine<\/title>\r\n<meta name=\"description\" content=\"Con un dise\u00f1o elegante y aerodin\u00e1mico ofrecen una experiencia de navegaci\u00f3n sin igual, permiti\u00e9ndote deslizarte sobre la superficie del mar.\" \/>\r\n<meta name=\"robots\" content=\"index, follow, max-snippet:-1, max-image-preview:large, max-video-preview:-1\" \/>\r\n<link rel=\"canonical\" href=\"https:\/\/origin-marine.com\/index.php\/elementor-6746\" \/>\r\n<meta property=\"og:locale\" content=\"es_ES\" \/>\r\n<meta property=\"og:type\" content=\"article\" \/>\r\n<meta property=\"og:title\" content=\"Scorpion Ribs - Origin Marine\" \/>\r\n<meta property=\"og:description\" content=\"Con un dise\u00f1o elegante y aerodin\u00e1mico ofrecen una experiencia de navegaci\u00f3n sin igual, permiti\u00e9ndote deslizarte sobre la superficie del mar.\" \/>\r\n<meta property=\"og:url\" content=\"https:\/\/origin-marine.com\/index.php\/elementor-6746\" \/>\r\n<meta property=\"og:site_name\" content=\"Origin Marine\" \/>\r\n<meta property=\"article:modified_time\" content=\"2024-07-10T10:02:29+00:00\" \/>\r\n<meta property=\"og:image\" content=\"http:\/\/origin-marine.com\/wp-content\/uploads\/2024\/07\/Scorpion-Ribs.png\" \/>\r\n<meta name=\"twitter:card\" content=\"summary_large_image\" \/>\r\n<meta name=\"twitter:label1\" content=\"Tiempo de lectura\" \/>\n\t<meta name=\"twitter:data1\" content=\"4 minutos\" \/>\r\n<script type=\"application\/ld+json\" class=\"yoast-schema-graph\">{\"@context\":\"https:\/\/schema.org\",\"@graph\":[{\"@type\":\"WebPage\",\"@id\":\"https:\/\/origin-marine.com\/index.php\/elementor-6746\",\"url\":\"https:\/\/origin-marine.com\/index.php\/elementor-6746\",\"name\":\"Scorpion Ribs - Origin Marine\",\"isPartOf\":{\"@id\":\"https:\/\/origin-marine.com\/#website\"},\"primaryImageOfPage\":{\"@id\":\"https:\/\/origin-marine.com\/index.php\/elementor-6746#primaryimage\"},\"image\":{\"@id\":\"https:\/\/origin-marine.com\/index.php\/elementor-6746#primaryimage\"},\"thumbnailUrl\":\"http:\/\/origin-marine.com\/wp-content\/uploads\/2024\/07\/Scorpion-Ribs.png\",\"datePublished\":\"2024-07-10T10:00:47+00:00\",\"dateModified\":\"2024-07-10T10:02:29+00:00\",\"description\":\"Con un dise\u00f1o elegante y aerodin\u00e1mico ofrecen una experiencia de navegaci\u00f3n sin igual, permiti\u00e9ndote deslizarte sobre la superficie del mar.\",\"breadcrumb\":{\"@id\":\"https:\/\/origin-marine.com\/index.php\/elementor-6746#breadcrumb\"},\"inLanguage\":\"es\",\"potentialAction\":[{\"@type\":\"ReadAction\",\"target\":[\"https:\/\/origin-marine.com\/index.php\/elementor-6746\"]}]},{\"@type\":\"ImageObject\",\"inLanguage\":\"es\",\"@id\":\"https:\/\/origin-marine.com\/index.php\/elementor-6746#primaryimage\",\"url\":\"https:\/\/origin-marine.com\/wp-content\/uploads\/2024\/07\/Scorpion-Ribs.png\",\"contentUrl\":\"https:\/\/origin-marine.com\/wp-content\/uploads\/2024\/07\/Scorpion-Ribs.png\",\"width\":940,\"height\":300},{\"@type\":\"BreadcrumbList\",\"@id\":\"https:\/\/origin-marine.com\/index.php\/elementor-6746#breadcrumb\",\"itemListElement\":[{\"@type\":\"ListItem\",\"position\":1,\"name\":\"Portada\",\"item\":\"https:\/\/origin-marine.com\/\"},{\"@type\":\"ListItem\",\"position\":2,\"name\":\"Scorpion Ribs\"}]},{\"@type\":\"WebSite\",\"@id\":\"https:\/\/origin-marine.com\/#website\",\"url\":\"https:\/\/origin-marine.com\/\",\"name\":\"Origin Marine\",\"description\":\"Tienda de suministros marinos\",\"publisher\":{\"@id\":\"https:\/\/origin-marine.com\/#organization\"},\"potentialAction\":[{\"@type\":\"SearchAction\",\"target\":{\"@type\":\"EntryPoint\",\"urlTemplate\":\"https:\/\/origin-marine.com\/?s={search_term_string}\"},\"query-input\":{\"@type\":\"PropertyValueSpecification\",\"valueRequired\":true,\"valueName\":\"search_term_string\"}}],\"inLanguage\":\"es\"},{\"@type\":\"Organization\",\"@id\":\"https:\/\/origin-marine.com\/#organization\",\"name\":\"Origin Marine\",\"url\":\"https:\/\/origin-marine.com\/\",\"logo\":{\"@type\":\"ImageObject\",\"inLanguage\":\"es\",\"@id\":\"https:\/\/origin-marine.com\/#\/schema\/logo\/image\/\",\"url\":\"https:\/\/origin-marine.com\/wp-content\/uploads\/2021\/11\/Origin-Marine-Logo-1920-x-300-px-3.png\",\"contentUrl\":\"https:\/\/origin-marine.com\/wp-content\/uploads\/2021\/11\/Origin-Marine-Logo-1920-x-300-px-3.png\",\"width\":1920,\"height\":300,\"caption\":\"Origin Marine\"},\"image\":{\"@id\":\"https:\/\/origin-marine.com\/#\/schema\/logo\/image\/\"}}]}<\/script>\r\n<!-- \/ Yoast SEO plugin. -->","yoast_head_json":{"title":"Scorpion Ribs - Origin Marine","description":"Con un dise\u00f1o elegante y aerodin\u00e1mico ofrecen una experiencia de navegaci\u00f3n sin igual, permiti\u00e9ndote deslizarte sobre la superficie del mar.","robots":{"index":"index","follow":"follow","max-snippet":"max-snippet:-1","max-image-preview":"max-image-preview:large","max-video-preview":"max-video-preview:-1"},"canonical":"https:\/\/origin-marine.com\/index.php\/elementor-6746","og_locale":"es_ES","og_type":"article","og_title":"Scorpion Ribs - Origin Marine","og_description":"Con un dise\u00f1o elegante y aerodin\u00e1mico ofrecen una experiencia de navegaci\u00f3n sin igual, permiti\u00e9ndote deslizarte sobre la superficie del mar.","og_url":"https:\/\/origin-marine.com\/index.php\/elementor-6746","og_site_name":"Origin Marine","article_modified_time":"2024-07-10T10:02:29+00:00","og_image":[{"url":"http:\/\/origin-marine.com\/wp-content\/uploads\/2024\/07\/Scorpion-Ribs.png","type":"","width":"","height":""}],"twitter_card":"summary_large_image","twitter_misc":{"Tiempo de lectura":"4 minutos"},"schema":{"@context":"https:\/\/schema.org","@graph":[{"@type":"WebPage","@id":"https:\/\/origin-marine.com\/index.php\/elementor-6746","url":"https:\/\/origin-marine.com\/index.php\/elementor-6746","name":"Scorpion Ribs - Origin Marine","isPartOf":{"@id":"https:\/\/origin-marine.com\/#website"},"primaryImageOfPage":{"@id":"https:\/\/origin-marine.com\/index.php\/elementor-6746#primaryimage"},"image":{"@id":"https:\/\/origin-marine.com\/index.php\/elementor-6746#primaryimage"},"thumbnailUrl":"http:\/\/origin-marine.com\/wp-content\/uploads\/2024\/07\/Scorpion-Ribs.png","datePublished":"2024-07-10T10:00:47+00:00","dateModified":"2024-07-10T10:02:29+00:00","description":"Con un dise\u00f1o elegante y aerodin\u00e1mico ofrecen una experiencia de navegaci\u00f3n sin igual, permiti\u00e9ndote deslizarte sobre la superficie del mar.","breadcrumb":{"@id":"https:\/\/origin-marine.com\/index.php\/elementor-6746#breadcrumb"},"inLanguage":"es","potentialAction":[{"@type":"ReadAction","target":["https:\/\/origin-marine.com\/index.php\/elementor-6746"]}]},{"@type":"ImageObject","inLanguage":"es","@id":"https:\/\/origin-marine.com\/index.php\/elementor-6746#primaryimage","url":"https:\/\/origin-marine.com\/wp-content\/uploads\/2024\/07\/Scorpion-Ribs.png","contentUrl":"https:\/\/origin-marine.com\/wp-content\/uploads\/2024\/07\/Scorpion-Ribs.png","width":940,"height":300},{"@type":"BreadcrumbList","@id":"https:\/\/origin-marine.com\/index.php\/elementor-6746#breadcrumb","itemListElement":[{"@type":"ListItem","position":1,"name":"Portada","item":"https:\/\/origin-marine.com\/"},{"@type":"ListItem","position":2,"name":"Scorpion Ribs"}]},{"@type":"WebSite","@id":"https:\/\/origin-marine.com\/#website","url":"https:\/\/origin-marine.com\/","name":"Origin Marine","description":"Tienda de suministros marinos","publisher":{"@id":"https:\/\/origin-marine.com\/#organization"},"potentialAction":[{"@type":"SearchAction","target":{"@type":"EntryPoint","urlTemplate":"https:\/\/origin-marine.com\/?s={search_term_string}"},"query-input":{"@type":"PropertyValueSpecification","valueRequired":true,"valueName":"search_term_string"}}],"inLanguage":"es"},{"@type":"Organization","@id":"https:\/\/origin-marine.com\/#organization","name":"Origin Marine","url":"https:\/\/origin-marine.com\/","logo":{"@type":"ImageObject","inLanguage":"es","@id":"https:\/\/origin-marine.com\/#\/schema\/logo\/image\/","url":"https:\/\/origin-marine.com\/wp-content\/uploads\/2021\/11\/Origin-Marine-Logo-1920-x-300-px-3.png","contentUrl":"https:\/\/origin-marine.com\/wp-content\/uploads\/2021\/11\/Origin-Marine-Logo-1920-x-300-px-3.png","width":1920,"height":300,"caption":"Origin Marine"},"image":{"@id":"https:\/\/origin-marine.com\/#\/schema\/logo\/image\/"}}]}},"_links":{"self":[{"href":"https:\/\/origin-marine.com\/index.php\/wp-json\/wp\/v2\/pages\/6746","targetHints":{"allow":["GET"]}}],"collection":[{"href":"https:\/\/origin-marine.com\/index.php\/wp-json\/wp\/v2\/pages"}],"about":[{"href":"https:\/\/origin-marine.com\/index.php\/wp-json\/wp\/v2\/types\/page"}],"author":[{"embeddable":true,"href":"https:\/\/origin-marine.com\/index.php\/wp-json\/wp\/v2\/users\/1"}],"replies":[{"embeddable":true,"href":"https:\/\/origin-marine.com\/index.php\/wp-json\/wp\/v2\/comments?post=6746"}],"version-history":[{"count":7,"href":"https:\/\/origin-marine.com\/index.php\/wp-json\/wp\/v2\/pages\/6746\/revisions"}],"predecessor-version":[{"id":6753,"href":"https:\/\/origin-marine.com\/index.php\/wp-json\/wp\/v2\/pages\/6746\/revisions\/6753"}],"wp:attachment":[{"href":"https:\/\/origin-marine.com\/index.php\/wp-json\/wp\/v2\/media?parent=6746"}],"curies":[{"name":"wp","href":"https:\/\/api.w.org\/{rel}","templated":true}]}}