{"id":1567,"date":"2021-11-13T21:33:23","date_gmt":"2021-11-13T21:33:23","guid":{"rendered":"http:\/\/origin-marine.com\/wordpress\/?page_id=1567"},"modified":"2024-09-26T10:45:33","modified_gmt":"2024-09-26T10:45:33","slug":"almacen","status":"publish","type":"page","link":"https:\/\/origin-marine.com\/index.php\/almacen","title":{"rendered":"Almac\u00e9n"},"content":{"rendered":"\t\t<div data-elementor-type=\"wp-page\" data-elementor-id=\"1567\" class=\"elementor elementor-1567\" data-elementor-post-type=\"page\">\n\t\t\t\t\t\t<section class=\"elementor-section elementor-top-section elementor-element elementor-element-6f5ab682 elementor-section-full_width elementor-section-height-min-height elementor-section-items-stretch elementor-section-height-default\" data-id=\"6f5ab682\" data-element_type=\"section\" data-e-type=\"section\">\n\t\t\t\t\t\t<div class=\"elementor-container elementor-column-gap-default\">\n\t\t\t\t\t<div class=\"elementor-column elementor-col-50 elementor-top-column elementor-element elementor-element-c7c1e04\" data-id=\"c7c1e04\" data-element_type=\"column\" data-e-type=\"column\">\n\t\t\t<div class=\"elementor-widget-wrap elementor-element-populated\">\n\t\t\t\t\t\t<div class=\"elementor-element elementor-element-52d6765f elementor-widget__width-auto elementor-widget elementor-widget-image\" data-id=\"52d6765f\" data-element_type=\"widget\" data-e-type=\"widget\" data-widget_type=\"image.default\">\n\t\t\t\t<div class=\"elementor-widget-container\">\n\t\t\t\t\t\t\t\t\t\t\t\t\t\t\t<img fetchpriority=\"high\" decoding=\"async\" width=\"1920\" height=\"300\" src=\"https:\/\/origin-marine.com\/wp-content\/uploads\/2021\/11\/Origin-Marine-Logo-1920-x-300-px-2.png\" class=\"attachment-full size-full wp-image-2205\" alt=\"\" srcset=\"https:\/\/origin-marine.com\/wp-content\/uploads\/2021\/11\/Origin-Marine-Logo-1920-x-300-px-2.png 1920w, https:\/\/origin-marine.com\/wp-content\/uploads\/2021\/11\/Origin-Marine-Logo-1920-x-300-px-2-300x47.png 300w, https:\/\/origin-marine.com\/wp-content\/uploads\/2021\/11\/Origin-Marine-Logo-1920-x-300-px-2-1024x160.png 1024w, https:\/\/origin-marine.com\/wp-content\/uploads\/2021\/11\/Origin-Marine-Logo-1920-x-300-px-2-768x120.png 768w, https:\/\/origin-marine.com\/wp-content\/uploads\/2021\/11\/Origin-Marine-Logo-1920-x-300-px-2-1536x240.png 1536w\" sizes=\"(max-width: 1920px) 100vw, 1920px\" \/>\t\t\t\t\t\t\t\t\t\t\t\t\t\t\t<\/div>\n\t\t\t\t<\/div>\n\t\t\t\t\t<\/div>\n\t\t<\/div>\n\t\t\t\t<div class=\"elementor-column elementor-col-50 elementor-top-column elementor-element elementor-element-3ad05cea\" data-id=\"3ad05cea\" data-element_type=\"column\" data-e-type=\"column\">\n\t\t\t<div class=\"elementor-widget-wrap elementor-element-populated\">\n\t\t\t\t\t\t<div class=\"elementor-element elementor-element-1dd95736 elementor-widget elementor-widget-heading\" data-id=\"1dd95736\" data-element_type=\"widget\" data-e-type=\"widget\" data-widget_type=\"heading.default\">\n\t\t\t\t<div class=\"elementor-widget-container\">\n\t\t\t\t\t<h1 class=\"elementor-heading-title elementor-size-default\">Almac\u00e9n<\/h1>\t\t\t\t<\/div>\n\t\t\t\t<\/div>\n\t\t\t\t\t<\/div>\n\t\t<\/div>\n\t\t\t\t\t<\/div>\n\t\t<\/section>\n\t\t\t\t<section class=\"elementor-section elementor-top-section elementor-element elementor-element-8b9c04c elementor-section-boxed elementor-section-height-default elementor-section-height-default\" data-id=\"8b9c04c\" data-element_type=\"section\" data-e-type=\"section\">\n\t\t\t\t\t\t<div class=\"elementor-container elementor-column-gap-default\">\n\t\t\t\t\t<div class=\"elementor-column elementor-col-50 elementor-top-column elementor-element elementor-element-0a4cd6c\" data-id=\"0a4cd6c\" data-element_type=\"column\" data-e-type=\"column\">\n\t\t\t<div class=\"elementor-widget-wrap elementor-element-populated\">\n\t\t\t\t\t\t<div class=\"elementor-element elementor-element-a0e231a elementor-widget elementor-widget-image\" data-id=\"a0e231a\" data-element_type=\"widget\" data-e-type=\"widget\" data-settings=\"{&quot;motion_fx_motion_fx_scrolling&quot;:&quot;yes&quot;,&quot;motion_fx_scale_effect&quot;:&quot;yes&quot;,&quot;motion_fx_scale_speed&quot;:{&quot;unit&quot;:&quot;px&quot;,&quot;size&quot;:2,&quot;sizes&quot;:[]},&quot;motion_fx_scale_range&quot;:{&quot;unit&quot;:&quot;%&quot;,&quot;size&quot;:&quot;&quot;,&quot;sizes&quot;:{&quot;start&quot;:0,&quot;end&quot;:100}},&quot;motion_fx_scale_direction&quot;:&quot;out-in&quot;,&quot;motion_fx_devices&quot;:[&quot;desktop&quot;,&quot;tablet&quot;,&quot;mobile&quot;]}\" data-widget_type=\"image.default\">\n\t\t\t\t<div class=\"elementor-widget-container\">\n\t\t\t\t\t\t\t\t\t\t\t\t\t\t\t<img decoding=\"async\" data-src=\"https:\/\/origin-marine.com\/wp-content\/uploads\/elementor\/thumbs\/1-2-ridtbyc7yhjs71l5t7v04sdjk2hsq2tc9pu712wem8.jpg\" title=\"1-2\" alt=\"1-2\" class=\"elementor-animation-grow lazyload\" src=\"data:image\/svg+xml;base64,PHN2ZyB3aWR0aD0iMSIgaGVpZ2h0PSIxIiB4bWxucz0iaHR0cDovL3d3dy53My5vcmcvMjAwMC9zdmciPjwvc3ZnPg==\" style=\"--smush-placeholder-width: 768px; --smush-placeholder-aspect-ratio: 768\/1024;\" \/>\t\t\t\t\t\t\t\t\t\t\t\t\t\t\t<\/div>\n\t\t\t\t<\/div>\n\t\t\t\t\t<\/div>\n\t\t<\/div>\n\t\t\t\t<div class=\"elementor-column elementor-col-50 elementor-top-column elementor-element elementor-element-f24b6c0\" data-id=\"f24b6c0\" data-element_type=\"column\" data-e-type=\"column\">\n\t\t\t<div class=\"elementor-widget-wrap elementor-element-populated\">\n\t\t\t\t\t\t<div class=\"elementor-element elementor-element-56ef76b elementor-widget elementor-widget-image\" data-id=\"56ef76b\" data-element_type=\"widget\" data-e-type=\"widget\" data-settings=\"{&quot;motion_fx_motion_fx_scrolling&quot;:&quot;yes&quot;,&quot;motion_fx_scale_effect&quot;:&quot;yes&quot;,&quot;motion_fx_scale_speed&quot;:{&quot;unit&quot;:&quot;px&quot;,&quot;size&quot;:2,&quot;sizes&quot;:[]},&quot;motion_fx_scale_range&quot;:{&quot;unit&quot;:&quot;%&quot;,&quot;size&quot;:&quot;&quot;,&quot;sizes&quot;:{&quot;start&quot;:0,&quot;end&quot;:100}},&quot;motion_fx_scale_direction&quot;:&quot;out-in&quot;,&quot;motion_fx_devices&quot;:[&quot;desktop&quot;,&quot;tablet&quot;,&quot;mobile&quot;]}\" data-widget_type=\"image.default\">\n\t\t\t\t<div class=\"elementor-widget-container\">\n\t\t\t\t\t\t\t\t\t\t\t\t\t\t\t<img decoding=\"async\" width=\"1024\" height=\"768\" data-src=\"https:\/\/origin-marine.com\/wp-content\/uploads\/2024\/09\/2.png\" class=\"elementor-animation-grow attachment-large size-large wp-image-6912 lazyload\" alt=\"\" data-srcset=\"https:\/\/origin-marine.com\/wp-content\/uploads\/2024\/09\/2.png 1024w, https:\/\/origin-marine.com\/wp-content\/uploads\/2024\/09\/2-300x225.png 300w, https:\/\/origin-marine.com\/wp-content\/uploads\/2024\/09\/2-768x576.png 768w, https:\/\/origin-marine.com\/wp-content\/uploads\/2024\/09\/2-80x60.png 80w\" data-sizes=\"(max-width: 1024px) 100vw, 1024px\" src=\"data:image\/svg+xml;base64,PHN2ZyB3aWR0aD0iMSIgaGVpZ2h0PSIxIiB4bWxucz0iaHR0cDovL3d3dy53My5vcmcvMjAwMC9zdmciPjwvc3ZnPg==\" style=\"--smush-placeholder-width: 1024px; --smush-placeholder-aspect-ratio: 1024\/768;\" \/>\t\t\t\t\t\t\t\t\t\t\t\t\t\t\t<\/div>\n\t\t\t\t<\/div>\n\t\t\t\t\t<\/div>\n\t\t<\/div>\n\t\t\t\t\t<\/div>\n\t\t<\/section>\n\t\t\t\t<section class=\"elementor-section elementor-top-section elementor-element elementor-element-68e71cc elementor-section-boxed elementor-section-height-default elementor-section-height-default\" data-id=\"68e71cc\" data-element_type=\"section\" data-e-type=\"section\">\n\t\t\t\t\t\t<div class=\"elementor-container elementor-column-gap-default\">\n\t\t\t\t\t<div class=\"elementor-column elementor-col-100 elementor-top-column elementor-element elementor-element-d40a1c2\" data-id=\"d40a1c2\" data-element_type=\"column\" data-e-type=\"column\">\n\t\t\t<div class=\"elementor-widget-wrap elementor-element-populated\">\n\t\t\t\t\t\t<div class=\"elementor-element elementor-element-3c9b2edc elementor-widget__width-initial elementor-widget elementor-widget-text-editor\" data-id=\"3c9b2edc\" data-element_type=\"widget\" data-e-type=\"widget\" data-widget_type=\"text-editor.default\">\n\t\t\t\t<div class=\"elementor-widget-container\">\n\t\t\t\t\t\t\t\t\t<p>Deja tu <em>Jet Tender<\/em> la temporada de<strong> invierno<\/strong> en nuestro <strong>almac\u00e9n<\/strong>, d\u00f3nde estar\u00e1 bajo las mejores condiciones y cuidados. Tenemos espacio para <b>45 tenders<\/b>.<\/p>\n<p>Si la temporada de invierno en Espa\u00f1a es cuando utilizas tu Tender, no te preocupes, tambi\u00e9n tenemos espacio para ella en <strong>verano<\/strong> en nuestro <strong>garaje<\/strong>.<\/p>\t\t\t\t\t\t\t\t<\/div>\n\t\t\t\t<\/div>\n\t\t\t\t\t<\/div>\n\t\t<\/div>\n\t\t\t\t\t<\/div>\n\t\t<\/section>\n\t\t\t\t<section class=\"elementor-section elementor-top-section elementor-element elementor-element-77300b3f elementor-section-full_width elementor-section-height-default elementor-section-height-default\" data-id=\"77300b3f\" data-element_type=\"section\" data-e-type=\"section\" data-settings=\"{&quot;background_background&quot;:&quot;video&quot;,&quot;background_video_link&quot;:&quot;https:\\\/\\\/www.youtube.com\\\/watch?v=qnxbLIzWHfc&amp;ab_channel=WilliamsJetTenders&quot;,&quot;background_video_start&quot;:5,&quot;background_video_end&quot;:55,&quot;background_play_on_mobile&quot;:&quot;yes&quot;}\">\n\t\t\t\t\t\t\t\t<div class=\"elementor-background-video-container\">\n\t\t\t\t\t\t\t\t\t\t\t\t\t<div class=\"elementor-background-video-embed\" role=\"presentation\"><\/div>\n\t\t\t\t\t\t\t\t\t\t\t\t<\/div>\n\t\t\t\t\t\t\t\t<div class=\"elementor-container elementor-column-gap-default\">\n\t\t\t\t\t<div class=\"elementor-column elementor-col-100 elementor-top-column elementor-element elementor-element-63a6dbeb\" data-id=\"63a6dbeb\" data-element_type=\"column\" data-e-type=\"column\">\n\t\t\t<div class=\"elementor-widget-wrap elementor-element-populated\">\n\t\t\t\t\t\t<div class=\"elementor-element elementor-element-2d5d1364 elementor-widget elementor-widget-spacer\" data-id=\"2d5d1364\" data-element_type=\"widget\" data-e-type=\"widget\" data-widget_type=\"spacer.default\">\n\t\t\t\t<div class=\"elementor-widget-container\">\n\t\t\t\t\t\t\t<div class=\"elementor-spacer\">\n\t\t\t<div class=\"elementor-spacer-inner\"><\/div>\n\t\t<\/div>\n\t\t\t\t\t\t<\/div>\n\t\t\t\t<\/div>\n\t\t\t\t\t<\/div>\n\t\t<\/div>\n\t\t\t\t\t<\/div>\n\t\t<\/section>\n\t\t\t\t<section class=\"elementor-section elementor-top-section elementor-element elementor-element-6131524f elementor-section-full_width elementor-section-height-min-height elementor-section-items-stretch elementor-section-height-default\" data-id=\"6131524f\" data-element_type=\"section\" data-e-type=\"section\">\n\t\t\t\t\t\t<div class=\"elementor-container elementor-column-gap-default\">\n\t\t\t\t\t<div class=\"elementor-column elementor-col-100 elementor-top-column elementor-element elementor-element-6c287069\" data-id=\"6c287069\" data-element_type=\"column\" data-e-type=\"column\">\n\t\t\t<div class=\"elementor-widget-wrap elementor-element-populated\">\n\t\t\t\t\t\t<div class=\"elementor-element elementor-element-7851f577 elementor-widget elementor-widget-image-carousel\" data-id=\"7851f577\" data-element_type=\"widget\" data-e-type=\"widget\" data-settings=\"{&quot;slides_to_show&quot;:&quot;3&quot;,&quot;slides_to_scroll&quot;:&quot;1&quot;,&quot;navigation&quot;:&quot;none&quot;,&quot;pause_on_hover&quot;:&quot;no&quot;,&quot;pause_on_interaction&quot;:&quot;no&quot;,&quot;slides_to_show_mobile&quot;:&quot;1&quot;,&quot;image_spacing_custom&quot;:{&quot;unit&quot;:&quot;px&quot;,&quot;size&quot;:54,&quot;sizes&quot;:[]},&quot;autoplay&quot;:&quot;yes&quot;,&quot;autoplay_speed&quot;:5000,&quot;infinite&quot;:&quot;yes&quot;,&quot;speed&quot;:500,&quot;image_spacing_custom_tablet&quot;:{&quot;unit&quot;:&quot;px&quot;,&quot;size&quot;:&quot;&quot;,&quot;sizes&quot;:[]}}\" data-widget_type=\"image-carousel.default\">\n\t\t\t\t<div class=\"elementor-widget-container\">\n\t\t\t\t\t\t\t<div class=\"elementor-image-carousel-wrapper swiper\" role=\"region\" aria-roledescription=\"carousel\" aria-label=\"Carrusel de im\u00e1genes\" dir=\"ltr\">\n\t\t\t<div class=\"elementor-image-carousel swiper-wrapper\" aria-live=\"off\">\n\t\t\t\t\t\t\t\t<div class=\"swiper-slide\" role=\"group\" aria-roledescription=\"slide\" aria-label=\"1 de 6\"><figure class=\"swiper-slide-inner\"><img decoding=\"async\" class=\"swiper-slide-image lazyload\" data-src=\"https:\/\/origin-marine.com\/wp-content\/uploads\/2021\/09\/2-6-1024x576.jpg\" alt=\"2-6\" src=\"data:image\/svg+xml;base64,PHN2ZyB3aWR0aD0iMSIgaGVpZ2h0PSIxIiB4bWxucz0iaHR0cDovL3d3dy53My5vcmcvMjAwMC9zdmciPjwvc3ZnPg==\" style=\"--smush-placeholder-width: 1024px; --smush-placeholder-aspect-ratio: 1024\/576;\" \/><\/figure><\/div><div class=\"swiper-slide\" role=\"group\" aria-roledescription=\"slide\" aria-label=\"2 de 6\"><figure class=\"swiper-slide-inner\"><img decoding=\"async\" class=\"swiper-slide-image lazyload\" data-src=\"https:\/\/origin-marine.com\/wp-content\/uploads\/2021\/09\/3-6-1024x576.jpg\" alt=\"3-6\" src=\"data:image\/svg+xml;base64,PHN2ZyB3aWR0aD0iMSIgaGVpZ2h0PSIxIiB4bWxucz0iaHR0cDovL3d3dy53My5vcmcvMjAwMC9zdmciPjwvc3ZnPg==\" style=\"--smush-placeholder-width: 1024px; --smush-placeholder-aspect-ratio: 1024\/576;\" \/><\/figure><\/div><div class=\"swiper-slide\" role=\"group\" aria-roledescription=\"slide\" aria-label=\"3 de 6\"><figure class=\"swiper-slide-inner\"><img decoding=\"async\" class=\"swiper-slide-image lazyload\" data-src=\"https:\/\/origin-marine.com\/wp-content\/uploads\/2021\/09\/1-6-1024x576.jpg\" alt=\"1-6\" src=\"data:image\/svg+xml;base64,PHN2ZyB3aWR0aD0iMSIgaGVpZ2h0PSIxIiB4bWxucz0iaHR0cDovL3d3dy53My5vcmcvMjAwMC9zdmciPjwvc3ZnPg==\" style=\"--smush-placeholder-width: 1024px; --smush-placeholder-aspect-ratio: 1024\/576;\" \/><\/figure><\/div><div class=\"swiper-slide\" role=\"group\" aria-roledescription=\"slide\" aria-label=\"4 de 6\"><figure class=\"swiper-slide-inner\"><img decoding=\"async\" class=\"swiper-slide-image lazyload\" data-src=\"https:\/\/origin-marine.com\/wp-content\/uploads\/2021\/09\/4-3-1024x576.jpg\" alt=\"4-3\" src=\"data:image\/svg+xml;base64,PHN2ZyB3aWR0aD0iMSIgaGVpZ2h0PSIxIiB4bWxucz0iaHR0cDovL3d3dy53My5vcmcvMjAwMC9zdmciPjwvc3ZnPg==\" style=\"--smush-placeholder-width: 1024px; --smush-placeholder-aspect-ratio: 1024\/576;\" \/><\/figure><\/div><div class=\"swiper-slide\" role=\"group\" aria-roledescription=\"slide\" aria-label=\"5 de 6\"><figure class=\"swiper-slide-inner\"><img decoding=\"async\" class=\"swiper-slide-image lazyload\" data-src=\"https:\/\/origin-marine.com\/wp-content\/uploads\/2021\/12\/Diseno-sin-titulo-4-1024x576.jpg\" alt=\"Dise\u00f1o sin t\u00edtulo\" src=\"data:image\/svg+xml;base64,PHN2ZyB3aWR0aD0iMSIgaGVpZ2h0PSIxIiB4bWxucz0iaHR0cDovL3d3dy53My5vcmcvMjAwMC9zdmciPjwvc3ZnPg==\" style=\"--smush-placeholder-width: 1024px; --smush-placeholder-aspect-ratio: 1024\/576;\" \/><\/figure><\/div><div class=\"swiper-slide\" role=\"group\" aria-roledescription=\"slide\" aria-label=\"6 de 6\"><figure class=\"swiper-slide-inner\"><img decoding=\"async\" class=\"swiper-slide-image lazyload\" data-src=\"https:\/\/origin-marine.com\/wp-content\/uploads\/2021\/12\/Diseno-sin-titulo-1-2-1024x576.jpg\" alt=\"Dise\u00f1o sin t\u00edtulo (1)\" src=\"data:image\/svg+xml;base64,PHN2ZyB3aWR0aD0iMSIgaGVpZ2h0PSIxIiB4bWxucz0iaHR0cDovL3d3dy53My5vcmcvMjAwMC9zdmciPjwvc3ZnPg==\" style=\"--smush-placeholder-width: 1024px; --smush-placeholder-aspect-ratio: 1024\/576;\" \/><\/figure><\/div>\t\t\t<\/div>\n\t\t\t\t\t\t\t\n\t\t\t\t\t\t\t\t\t<\/div>\n\t\t\t\t\t\t<\/div>\n\t\t\t\t<\/div>\n\t\t\t\t\t<\/div>\n\t\t<\/div>\n\t\t\t\t\t<\/div>\n\t\t<\/section>\n\t\t\t\t<section class=\"elementor-section elementor-top-section elementor-element elementor-element-48e5a005 elementor-section-full_width elementor-section-height-default elementor-section-height-default\" data-id=\"48e5a005\" data-element_type=\"section\" data-e-type=\"section\" data-settings=\"{&quot;background_background&quot;:&quot;gradient&quot;}\">\n\t\t\t\t\t\t<div class=\"elementor-container elementor-column-gap-default\">\n\t\t\t\t\t<div class=\"elementor-column elementor-col-50 elementor-top-column elementor-element elementor-element-4ad96c8d\" data-id=\"4ad96c8d\" data-element_type=\"column\" data-e-type=\"column\">\n\t\t\t<div class=\"elementor-widget-wrap elementor-element-populated\">\n\t\t\t\t\t\t<div class=\"elementor-element elementor-element-3570f05b elementor-widget elementor-widget-heading\" data-id=\"3570f05b\" data-element_type=\"widget\" data-e-type=\"widget\" data-widget_type=\"heading.default\">\n\t\t\t\t<div class=\"elementor-widget-container\">\n\t\t\t\t\t<h2 class=\"elementor-heading-title elementor-size-default\">Tu tienda n\u00e1utica de confianza<\/h2>\t\t\t\t<\/div>\n\t\t\t\t<\/div>\n\t\t\t\t\t<\/div>\n\t\t<\/div>\n\t\t\t\t<div class=\"elementor-column elementor-col-50 elementor-top-column elementor-element elementor-element-354a0017\" data-id=\"354a0017\" data-element_type=\"column\" data-e-type=\"column\">\n\t\t\t<div class=\"elementor-widget-wrap elementor-element-populated\">\n\t\t\t\t\t\t<div class=\"elementor-element elementor-element-30b7182c elementor-align-right elementor-widget elementor-widget-button\" data-id=\"30b7182c\" data-element_type=\"widget\" data-e-type=\"widget\" data-widget_type=\"button.default\">\n\t\t\t\t<div class=\"elementor-widget-container\">\n\t\t\t\t\t\t\t\t\t<div class=\"elementor-button-wrapper\">\n\t\t\t\t\t<a class=\"elementor-button elementor-button-link elementor-size-md\" href=\"\/index.php\/contact\">\n\t\t\t\t\t\t<span class=\"elementor-button-content-wrapper\">\n\t\t\t\t\t\t\t\t\t<span class=\"elementor-button-text\">Consigue tu presupuesto<\/span>\n\t\t\t\t\t<\/span>\n\t\t\t\t\t<\/a>\n\t\t\t\t<\/div>\n\t\t\t\t\t\t\t\t<\/div>\n\t\t\t\t<\/div>\n\t\t\t\t\t<\/div>\n\t\t<\/div>\n\t\t\t\t\t<\/div>\n\t\t<\/section>\n\t\t\t\t<\/div>\n\t\t","protected":false},"excerpt":{"rendered":"<p>Almac\u00e9n Deja tu Jet Tender la temporada de invierno en nuestro almac\u00e9n, d\u00f3nde estar\u00e1 bajo las mejores condiciones y cuidados. Tenemos espacio para 45 tenders. Si la temporada de invierno en Espa\u00f1a es cuando utilizas tu Tender, no te preocupes, tambi\u00e9n tenemos espacio para ella en verano en nuestro garaje. Tu tienda n\u00e1utica de confianza &hellip; <\/p>\n","protected":false},"author":2,"featured_media":0,"parent":0,"menu_order":0,"comment_status":"closed","ping_status":"closed","template":"","meta":{"footnotes":""},"class_list":["post-1567","page","type-page","status-publish","hentry"],"yoast_head":"<!-- This site is optimized with the Yoast SEO plugin v27.2 - https:\/\/yoast.com\/product\/yoast-seo-wordpress\/ -->\r\n<title>Almac\u00e9n - Origin Marine<\/title>\r\n<meta name=\"robots\" content=\"index, follow, max-snippet:-1, max-image-preview:large, max-video-preview:-1\" \/>\r\n<link rel=\"canonical\" href=\"https:\/\/origin-marine.com\/index.php\/almacen\" \/>\r\n<meta property=\"og:locale\" content=\"es_ES\" \/>\r\n<meta property=\"og:type\" content=\"article\" \/>\r\n<meta property=\"og:title\" content=\"Almac\u00e9n - Origin Marine\" \/>\r\n<meta property=\"og:description\" content=\"Almac\u00e9n Deja tu Jet Tender la temporada de invierno en nuestro almac\u00e9n, d\u00f3nde estar\u00e1 bajo las mejores condiciones y cuidados. Tenemos espacio para 45 tenders. Si la temporada de invierno en Espa\u00f1a es cuando utilizas tu Tender, no te preocupes, tambi\u00e9n tenemos espacio para ella en verano en nuestro garaje. Tu tienda n\u00e1utica de confianza &hellip;\" \/>\r\n<meta property=\"og:url\" content=\"https:\/\/origin-marine.com\/index.php\/almacen\" \/>\r\n<meta property=\"og:site_name\" content=\"Origin Marine\" \/>\r\n<meta property=\"article:modified_time\" content=\"2024-09-26T10:45:33+00:00\" \/>\r\n<meta property=\"og:image\" content=\"https:\/\/origin-marine.com\/wp-content\/uploads\/2021\/11\/Origin-Marine-Logo-1920-x-300-px-2.png\" \/>\r\n<meta name=\"twitter:card\" content=\"summary_large_image\" \/>\r\n<meta name=\"twitter:label1\" content=\"Tiempo de lectura\" \/>\n\t<meta name=\"twitter:data1\" content=\"4 minutos\" \/>\r\n<script type=\"application\/ld+json\" class=\"yoast-schema-graph\">{\"@context\":\"https:\/\/schema.org\",\"@graph\":[{\"@type\":\"WebPage\",\"@id\":\"https:\/\/origin-marine.com\/index.php\/almacen\",\"url\":\"https:\/\/origin-marine.com\/index.php\/almacen\",\"name\":\"Almac\u00e9n - Origin Marine\",\"isPartOf\":{\"@id\":\"https:\/\/origin-marine.com\/#website\"},\"primaryImageOfPage\":{\"@id\":\"https:\/\/origin-marine.com\/index.php\/almacen#primaryimage\"},\"image\":{\"@id\":\"https:\/\/origin-marine.com\/index.php\/almacen#primaryimage\"},\"thumbnailUrl\":\"https:\/\/origin-marine.com\/wp-content\/uploads\/2021\/11\/Origin-Marine-Logo-1920-x-300-px-2.png\",\"datePublished\":\"2021-11-13T21:33:23+00:00\",\"dateModified\":\"2024-09-26T10:45:33+00:00\",\"breadcrumb\":{\"@id\":\"https:\/\/origin-marine.com\/index.php\/almacen#breadcrumb\"},\"inLanguage\":\"es\",\"potentialAction\":[{\"@type\":\"ReadAction\",\"target\":[\"https:\/\/origin-marine.com\/index.php\/almacen\"]}]},{\"@type\":\"ImageObject\",\"inLanguage\":\"es\",\"@id\":\"https:\/\/origin-marine.com\/index.php\/almacen#primaryimage\",\"url\":\"https:\/\/origin-marine.com\/wp-content\/uploads\/2021\/11\/Origin-Marine-Logo-1920-x-300-px-2.png\",\"contentUrl\":\"https:\/\/origin-marine.com\/wp-content\/uploads\/2021\/11\/Origin-Marine-Logo-1920-x-300-px-2.png\",\"width\":1920,\"height\":300},{\"@type\":\"BreadcrumbList\",\"@id\":\"https:\/\/origin-marine.com\/index.php\/almacen#breadcrumb\",\"itemListElement\":[{\"@type\":\"ListItem\",\"position\":1,\"name\":\"Portada\",\"item\":\"https:\/\/origin-marine.com\/\"},{\"@type\":\"ListItem\",\"position\":2,\"name\":\"Almac\u00e9n\"}]},{\"@type\":\"WebSite\",\"@id\":\"https:\/\/origin-marine.com\/#website\",\"url\":\"https:\/\/origin-marine.com\/\",\"name\":\"Origin Marine\",\"description\":\"Tienda de suministros marinos\",\"publisher\":{\"@id\":\"https:\/\/origin-marine.com\/#organization\"},\"potentialAction\":[{\"@type\":\"SearchAction\",\"target\":{\"@type\":\"EntryPoint\",\"urlTemplate\":\"https:\/\/origin-marine.com\/?s={search_term_string}\"},\"query-input\":{\"@type\":\"PropertyValueSpecification\",\"valueRequired\":true,\"valueName\":\"search_term_string\"}}],\"inLanguage\":\"es\"},{\"@type\":\"Organization\",\"@id\":\"https:\/\/origin-marine.com\/#organization\",\"name\":\"Origin Marine\",\"url\":\"https:\/\/origin-marine.com\/\",\"logo\":{\"@type\":\"ImageObject\",\"inLanguage\":\"es\",\"@id\":\"https:\/\/origin-marine.com\/#\/schema\/logo\/image\/\",\"url\":\"https:\/\/origin-marine.com\/wp-content\/uploads\/2021\/11\/Origin-Marine-Logo-1920-x-300-px-3.png\",\"contentUrl\":\"https:\/\/origin-marine.com\/wp-content\/uploads\/2021\/11\/Origin-Marine-Logo-1920-x-300-px-3.png\",\"width\":1920,\"height\":300,\"caption\":\"Origin Marine\"},\"image\":{\"@id\":\"https:\/\/origin-marine.com\/#\/schema\/logo\/image\/\"}}]}<\/script>\r\n<!-- \/ Yoast SEO plugin. -->","yoast_head_json":{"title":"Almac\u00e9n - Origin Marine","robots":{"index":"index","follow":"follow","max-snippet":"max-snippet:-1","max-image-preview":"max-image-preview:large","max-video-preview":"max-video-preview:-1"},"canonical":"https:\/\/origin-marine.com\/index.php\/almacen","og_locale":"es_ES","og_type":"article","og_title":"Almac\u00e9n - Origin Marine","og_description":"Almac\u00e9n Deja tu Jet Tender la temporada de invierno en nuestro almac\u00e9n, d\u00f3nde estar\u00e1 bajo las mejores condiciones y cuidados. Tenemos espacio para 45 tenders. Si la temporada de invierno en Espa\u00f1a es cuando utilizas tu Tender, no te preocupes, tambi\u00e9n tenemos espacio para ella en verano en nuestro garaje. Tu tienda n\u00e1utica de confianza &hellip;","og_url":"https:\/\/origin-marine.com\/index.php\/almacen","og_site_name":"Origin Marine","article_modified_time":"2024-09-26T10:45:33+00:00","og_image":[{"url":"https:\/\/origin-marine.com\/wp-content\/uploads\/2021\/11\/Origin-Marine-Logo-1920-x-300-px-2.png","type":"","width":"","height":""}],"twitter_card":"summary_large_image","twitter_misc":{"Tiempo de lectura":"4 minutos"},"schema":{"@context":"https:\/\/schema.org","@graph":[{"@type":"WebPage","@id":"https:\/\/origin-marine.com\/index.php\/almacen","url":"https:\/\/origin-marine.com\/index.php\/almacen","name":"Almac\u00e9n - Origin Marine","isPartOf":{"@id":"https:\/\/origin-marine.com\/#website"},"primaryImageOfPage":{"@id":"https:\/\/origin-marine.com\/index.php\/almacen#primaryimage"},"image":{"@id":"https:\/\/origin-marine.com\/index.php\/almacen#primaryimage"},"thumbnailUrl":"https:\/\/origin-marine.com\/wp-content\/uploads\/2021\/11\/Origin-Marine-Logo-1920-x-300-px-2.png","datePublished":"2021-11-13T21:33:23+00:00","dateModified":"2024-09-26T10:45:33+00:00","breadcrumb":{"@id":"https:\/\/origin-marine.com\/index.php\/almacen#breadcrumb"},"inLanguage":"es","potentialAction":[{"@type":"ReadAction","target":["https:\/\/origin-marine.com\/index.php\/almacen"]}]},{"@type":"ImageObject","inLanguage":"es","@id":"https:\/\/origin-marine.com\/index.php\/almacen#primaryimage","url":"https:\/\/origin-marine.com\/wp-content\/uploads\/2021\/11\/Origin-Marine-Logo-1920-x-300-px-2.png","contentUrl":"https:\/\/origin-marine.com\/wp-content\/uploads\/2021\/11\/Origin-Marine-Logo-1920-x-300-px-2.png","width":1920,"height":300},{"@type":"BreadcrumbList","@id":"https:\/\/origin-marine.com\/index.php\/almacen#breadcrumb","itemListElement":[{"@type":"ListItem","position":1,"name":"Portada","item":"https:\/\/origin-marine.com\/"},{"@type":"ListItem","position":2,"name":"Almac\u00e9n"}]},{"@type":"WebSite","@id":"https:\/\/origin-marine.com\/#website","url":"https:\/\/origin-marine.com\/","name":"Origin Marine","description":"Tienda de suministros marinos","publisher":{"@id":"https:\/\/origin-marine.com\/#organization"},"potentialAction":[{"@type":"SearchAction","target":{"@type":"EntryPoint","urlTemplate":"https:\/\/origin-marine.com\/?s={search_term_string}"},"query-input":{"@type":"PropertyValueSpecification","valueRequired":true,"valueName":"search_term_string"}}],"inLanguage":"es"},{"@type":"Organization","@id":"https:\/\/origin-marine.com\/#organization","name":"Origin Marine","url":"https:\/\/origin-marine.com\/","logo":{"@type":"ImageObject","inLanguage":"es","@id":"https:\/\/origin-marine.com\/#\/schema\/logo\/image\/","url":"https:\/\/origin-marine.com\/wp-content\/uploads\/2021\/11\/Origin-Marine-Logo-1920-x-300-px-3.png","contentUrl":"https:\/\/origin-marine.com\/wp-content\/uploads\/2021\/11\/Origin-Marine-Logo-1920-x-300-px-3.png","width":1920,"height":300,"caption":"Origin Marine"},"image":{"@id":"https:\/\/origin-marine.com\/#\/schema\/logo\/image\/"}}]}},"_links":{"self":[{"href":"https:\/\/origin-marine.com\/index.php\/wp-json\/wp\/v2\/pages\/1567","targetHints":{"allow":["GET"]}}],"collection":[{"href":"https:\/\/origin-marine.com\/index.php\/wp-json\/wp\/v2\/pages"}],"about":[{"href":"https:\/\/origin-marine.com\/index.php\/wp-json\/wp\/v2\/types\/page"}],"author":[{"embeddable":true,"href":"https:\/\/origin-marine.com\/index.php\/wp-json\/wp\/v2\/users\/2"}],"replies":[{"embeddable":true,"href":"https:\/\/origin-marine.com\/index.php\/wp-json\/wp\/v2\/comments?post=1567"}],"version-history":[{"count":74,"href":"https:\/\/origin-marine.com\/index.php\/wp-json\/wp\/v2\/pages\/1567\/revisions"}],"predecessor-version":[{"id":6916,"href":"https:\/\/origin-marine.com\/index.php\/wp-json\/wp\/v2\/pages\/1567\/revisions\/6916"}],"wp:attachment":[{"href":"https:\/\/origin-marine.com\/index.php\/wp-json\/wp\/v2\/media?parent=1567"}],"curies":[{"name":"wp","href":"https:\/\/api.w.org\/{rel}","templated":true}]}}