{"id":1458,"date":"2021-11-12T16:21:31","date_gmt":"2021-11-12T16:21:31","guid":{"rendered":"http:\/\/origin-marine.com\/wordpress\/?page_id=1458"},"modified":"2021-12-25T16:40:46","modified_gmt":"2021-12-25T16:40:46","slug":"sephco-3","status":"publish","type":"page","link":"https:\/\/origin-marine.com\/index.php\/sephco-3","title":{"rendered":"Sephco"},"content":{"rendered":"\t\t<div data-elementor-type=\"wp-page\" data-elementor-id=\"1458\" class=\"elementor elementor-1458\" data-elementor-post-type=\"page\">\n\t\t\t\t\t\t<section class=\"elementor-section elementor-top-section elementor-element elementor-element-3c6b1fa3 elementor-section-full_width elementor-section-height-min-height elementor-section-items-stretch elementor-section-height-default\" data-id=\"3c6b1fa3\" data-element_type=\"section\" data-e-type=\"section\">\n\t\t\t\t\t\t<div class=\"elementor-container elementor-column-gap-default\">\n\t\t\t\t\t<div class=\"elementor-column elementor-col-50 elementor-top-column elementor-element elementor-element-37877446\" data-id=\"37877446\" data-element_type=\"column\" data-e-type=\"column\">\n\t\t\t<div class=\"elementor-widget-wrap elementor-element-populated\">\n\t\t\t\t\t\t<div class=\"elementor-element elementor-element-55a41a01 elementor-widget__width-auto elementor-widget elementor-widget-image\" data-id=\"55a41a01\" data-element_type=\"widget\" data-e-type=\"widget\" data-widget_type=\"image.default\">\n\t\t\t\t<div class=\"elementor-widget-container\">\n\t\t\t\t\t\t\t\t\t\t\t\t\t\t\t<img fetchpriority=\"high\" decoding=\"async\" width=\"918\" height=\"309\" src=\"https:\/\/origin-marine.com\/wp-content\/uploads\/2021\/12\/Diseno-sin-titulo-4.png\" class=\"attachment-full size-full wp-image-3547\" alt=\"\" srcset=\"https:\/\/origin-marine.com\/wp-content\/uploads\/2021\/12\/Diseno-sin-titulo-4.png 918w, https:\/\/origin-marine.com\/wp-content\/uploads\/2021\/12\/Diseno-sin-titulo-4-300x101.png 300w, https:\/\/origin-marine.com\/wp-content\/uploads\/2021\/12\/Diseno-sin-titulo-4-768x259.png 768w, https:\/\/origin-marine.com\/wp-content\/uploads\/2021\/12\/Diseno-sin-titulo-4-178x60.png 178w\" sizes=\"(max-width: 918px) 100vw, 918px\" \/>\t\t\t\t\t\t\t\t\t\t\t\t\t\t\t<\/div>\n\t\t\t\t<\/div>\n\t\t\t\t\t<\/div>\n\t\t<\/div>\n\t\t\t\t<div class=\"elementor-column elementor-col-50 elementor-top-column elementor-element elementor-element-567bd517\" data-id=\"567bd517\" data-element_type=\"column\" data-e-type=\"column\">\n\t\t\t<div class=\"elementor-widget-wrap elementor-element-populated\">\n\t\t\t\t\t\t<div class=\"elementor-element elementor-element-63449c95 elementor-widget elementor-widget-heading\" data-id=\"63449c95\" data-element_type=\"widget\" data-e-type=\"widget\" data-widget_type=\"heading.default\">\n\t\t\t\t<div class=\"elementor-widget-container\">\n\t\t\t\t\t<h1 class=\"elementor-heading-title elementor-size-default\">Distribuidor oficial de Sephco LSMC<\/h1>\t\t\t\t<\/div>\n\t\t\t\t<\/div>\n\t\t\t\t\t<\/div>\n\t\t<\/div>\n\t\t\t\t\t<\/div>\n\t\t<\/section>\n\t\t\t\t<section class=\"elementor-section elementor-top-section elementor-element elementor-element-7a8d8da2 elementor-section-full_width elementor-section-height-default elementor-section-height-default\" data-id=\"7a8d8da2\" data-element_type=\"section\" data-e-type=\"section\">\n\t\t\t\t\t\t<div class=\"elementor-container elementor-column-gap-default\">\n\t\t\t\t\t<div class=\"elementor-column elementor-col-33 elementor-top-column elementor-element elementor-element-7924bfde\" data-id=\"7924bfde\" data-element_type=\"column\" data-e-type=\"column\">\n\t\t\t<div class=\"elementor-widget-wrap elementor-element-populated\">\n\t\t\t\t\t\t<div class=\"elementor-element elementor-element-35a9e84a elementor-widget elementor-widget-image\" data-id=\"35a9e84a\" data-element_type=\"widget\" data-e-type=\"widget\" data-widget_type=\"image.default\">\n\t\t\t\t<div class=\"elementor-widget-container\">\n\t\t\t\t\t\t\t\t\t\t\t\t\t\t\t<img decoding=\"async\" width=\"1024\" height=\"1024\" data-src=\"https:\/\/origin-marine.com\/wp-content\/uploads\/2021\/12\/Diseno-sin-titulo-1-1024x1024.jpg\" class=\"elementor-animation-grow attachment-large size-large wp-image-3110 lazyload\" alt=\"\" data-srcset=\"https:\/\/origin-marine.com\/wp-content\/uploads\/2021\/12\/Diseno-sin-titulo-1-1024x1024.jpg 1024w, https:\/\/origin-marine.com\/wp-content\/uploads\/2021\/12\/Diseno-sin-titulo-1-300x300.jpg 300w, https:\/\/origin-marine.com\/wp-content\/uploads\/2021\/12\/Diseno-sin-titulo-1-150x150.jpg 150w, https:\/\/origin-marine.com\/wp-content\/uploads\/2021\/12\/Diseno-sin-titulo-1-768x768.jpg 768w, https:\/\/origin-marine.com\/wp-content\/uploads\/2021\/12\/Diseno-sin-titulo-1-60x60.jpg 60w, https:\/\/origin-marine.com\/wp-content\/uploads\/2021\/12\/Diseno-sin-titulo-1-468x468.jpg 468w, https:\/\/origin-marine.com\/wp-content\/uploads\/2021\/12\/Diseno-sin-titulo-1.jpg 1080w\" data-sizes=\"(max-width: 1024px) 100vw, 1024px\" src=\"data:image\/svg+xml;base64,PHN2ZyB3aWR0aD0iMSIgaGVpZ2h0PSIxIiB4bWxucz0iaHR0cDovL3d3dy53My5vcmcvMjAwMC9zdmciPjwvc3ZnPg==\" style=\"--smush-placeholder-width: 1024px; --smush-placeholder-aspect-ratio: 1024\/1024;\" \/>\t\t\t\t\t\t\t\t\t\t\t\t\t\t\t<\/div>\n\t\t\t\t<\/div>\n\t\t\t\t\t<\/div>\n\t\t<\/div>\n\t\t\t\t<div class=\"elementor-column elementor-col-33 elementor-top-column elementor-element elementor-element-24b5ddd1\" data-id=\"24b5ddd1\" data-element_type=\"column\" data-e-type=\"column\">\n\t\t\t<div class=\"elementor-widget-wrap elementor-element-populated\">\n\t\t\t\t\t\t<div class=\"elementor-element elementor-element-759b863b elementor-widget elementor-widget-image\" data-id=\"759b863b\" data-element_type=\"widget\" data-e-type=\"widget\" data-widget_type=\"image.default\">\n\t\t\t\t<div class=\"elementor-widget-container\">\n\t\t\t\t\t\t\t\t\t\t\t\t\t\t\t<img decoding=\"async\" width=\"1024\" height=\"1024\" data-src=\"https:\/\/origin-marine.com\/wp-content\/uploads\/2021\/12\/1-1-1024x1024.jpg\" class=\"elementor-animation-grow attachment-large size-large wp-image-3192 lazyload\" alt=\"\" data-srcset=\"https:\/\/origin-marine.com\/wp-content\/uploads\/2021\/12\/1-1-1024x1024.jpg 1024w, https:\/\/origin-marine.com\/wp-content\/uploads\/2021\/12\/1-1-300x300.jpg 300w, https:\/\/origin-marine.com\/wp-content\/uploads\/2021\/12\/1-1-150x150.jpg 150w, https:\/\/origin-marine.com\/wp-content\/uploads\/2021\/12\/1-1-768x768.jpg 768w, https:\/\/origin-marine.com\/wp-content\/uploads\/2021\/12\/1-1-60x60.jpg 60w, https:\/\/origin-marine.com\/wp-content\/uploads\/2021\/12\/1-1-468x468.jpg 468w, https:\/\/origin-marine.com\/wp-content\/uploads\/2021\/12\/1-1.jpg 1200w\" data-sizes=\"(max-width: 1024px) 100vw, 1024px\" src=\"data:image\/svg+xml;base64,PHN2ZyB3aWR0aD0iMSIgaGVpZ2h0PSIxIiB4bWxucz0iaHR0cDovL3d3dy53My5vcmcvMjAwMC9zdmciPjwvc3ZnPg==\" style=\"--smush-placeholder-width: 1024px; --smush-placeholder-aspect-ratio: 1024\/1024;\" \/>\t\t\t\t\t\t\t\t\t\t\t\t\t\t\t<\/div>\n\t\t\t\t<\/div>\n\t\t\t\t\t<\/div>\n\t\t<\/div>\n\t\t\t\t<div class=\"elementor-column elementor-col-33 elementor-top-column elementor-element elementor-element-639ad1f5\" data-id=\"639ad1f5\" data-element_type=\"column\" data-e-type=\"column\">\n\t\t\t<div class=\"elementor-widget-wrap elementor-element-populated\">\n\t\t\t\t\t\t<div class=\"elementor-element elementor-element-46b0f056 elementor-widget elementor-widget-image\" data-id=\"46b0f056\" data-element_type=\"widget\" data-e-type=\"widget\" data-widget_type=\"image.default\">\n\t\t\t\t<div class=\"elementor-widget-container\">\n\t\t\t\t\t\t\t\t\t\t\t\t\t\t\t<img decoding=\"async\" width=\"1024\" height=\"1024\" data-src=\"https:\/\/origin-marine.com\/wp-content\/uploads\/2021\/12\/Diseno-sin-titulo-1024x1024.jpg\" class=\"elementor-animation-grow attachment-large size-large wp-image-3111 lazyload\" alt=\"\" data-srcset=\"https:\/\/origin-marine.com\/wp-content\/uploads\/2021\/12\/Diseno-sin-titulo-1024x1024.jpg 1024w, https:\/\/origin-marine.com\/wp-content\/uploads\/2021\/12\/Diseno-sin-titulo-300x300.jpg 300w, https:\/\/origin-marine.com\/wp-content\/uploads\/2021\/12\/Diseno-sin-titulo-150x150.jpg 150w, https:\/\/origin-marine.com\/wp-content\/uploads\/2021\/12\/Diseno-sin-titulo-768x768.jpg 768w, https:\/\/origin-marine.com\/wp-content\/uploads\/2021\/12\/Diseno-sin-titulo-60x60.jpg 60w, https:\/\/origin-marine.com\/wp-content\/uploads\/2021\/12\/Diseno-sin-titulo-468x468.jpg 468w, https:\/\/origin-marine.com\/wp-content\/uploads\/2021\/12\/Diseno-sin-titulo.jpg 1080w\" data-sizes=\"(max-width: 1024px) 100vw, 1024px\" src=\"data:image\/svg+xml;base64,PHN2ZyB3aWR0aD0iMSIgaGVpZ2h0PSIxIiB4bWxucz0iaHR0cDovL3d3dy53My5vcmcvMjAwMC9zdmciPjwvc3ZnPg==\" style=\"--smush-placeholder-width: 1024px; --smush-placeholder-aspect-ratio: 1024\/1024;\" \/>\t\t\t\t\t\t\t\t\t\t\t\t\t\t\t<\/div>\n\t\t\t\t<\/div>\n\t\t\t\t\t<\/div>\n\t\t<\/div>\n\t\t\t\t\t<\/div>\n\t\t<\/section>\n\t\t\t\t<section class=\"elementor-section elementor-top-section elementor-element elementor-element-547b621 elementor-section-full_width elementor-section-height-default elementor-section-height-default\" data-id=\"547b621\" data-element_type=\"section\" data-e-type=\"section\">\n\t\t\t\t\t\t<div class=\"elementor-container elementor-column-gap-default\">\n\t\t\t\t\t<div class=\"elementor-column elementor-col-33 elementor-top-column elementor-element elementor-element-18ca15c\" data-id=\"18ca15c\" data-element_type=\"column\" data-e-type=\"column\">\n\t\t\t<div class=\"elementor-widget-wrap elementor-element-populated\">\n\t\t\t\t\t\t<div class=\"elementor-element elementor-element-5fa8bcd5 elementor-widget elementor-widget-text-editor\" data-id=\"5fa8bcd5\" data-element_type=\"widget\" data-e-type=\"widget\" data-widget_type=\"text-editor.default\">\n\t\t\t\t<div class=\"elementor-widget-container\">\n\t\t\t\t\t\t\t\t\t<p><strong>BANCO DE CARGO<\/strong><\/p><p>Pruebas de rendimiento de emergencia y esenciales completas en centrales el\u00e9ctricas.<\/p>\t\t\t\t\t\t\t\t<\/div>\n\t\t\t\t<\/div>\n\t\t\t\t\t<\/div>\n\t\t<\/div>\n\t\t\t\t<div class=\"elementor-column elementor-col-33 elementor-top-column elementor-element elementor-element-39cd3104\" data-id=\"39cd3104\" data-element_type=\"column\" data-e-type=\"column\">\n\t\t\t<div class=\"elementor-widget-wrap elementor-element-populated\">\n\t\t\t\t\t\t<div class=\"elementor-element elementor-element-73459b78 elementor-widget elementor-widget-text-editor\" data-id=\"73459b78\" data-element_type=\"widget\" data-e-type=\"widget\" data-widget_type=\"text-editor.default\">\n\t\t\t\t<div class=\"elementor-widget-container\">\n\t\t\t\t\t\t\t\t\t<p><strong>SEPHCO<\/strong><\/p><p>Mantiene la eficiencia del generador y reduce las emisiones del motor.<\/p>\t\t\t\t\t\t\t\t<\/div>\n\t\t\t\t<\/div>\n\t\t\t\t\t<\/div>\n\t\t<\/div>\n\t\t\t\t<div class=\"elementor-column elementor-col-33 elementor-top-column elementor-element elementor-element-6bc5f81\" data-id=\"6bc5f81\" data-element_type=\"column\" data-e-type=\"column\">\n\t\t\t<div class=\"elementor-widget-wrap elementor-element-populated\">\n\t\t\t\t\t\t<div class=\"elementor-element elementor-element-5dc19204 elementor-widget elementor-widget-text-editor\" data-id=\"5dc19204\" data-element_type=\"widget\" data-e-type=\"widget\" data-widget_type=\"text-editor.default\">\n\t\t\t\t<div class=\"elementor-widget-container\">\n\t\t\t\t\t\t\t\t\t<p><strong>CALIDAD<\/strong><\/p><p>Carga autom\u00e1tica del generador.<\/p>\t\t\t\t\t\t\t\t<\/div>\n\t\t\t\t<\/div>\n\t\t\t\t\t<\/div>\n\t\t<\/div>\n\t\t\t\t\t<\/div>\n\t\t<\/section>\n\t\t\t\t<section class=\"elementor-section elementor-top-section elementor-element elementor-element-6c2632a0 elementor-section-full_width elementor-section-height-default elementor-section-height-default\" data-id=\"6c2632a0\" data-element_type=\"section\" data-e-type=\"section\" data-settings=\"{&quot;background_background&quot;:&quot;video&quot;,&quot;background_video_link&quot;:&quot;https:\\\/\\\/www.youtube.com\\\/watch?v=hasdCkzXrhE&quot;,&quot;background_video_start&quot;:10,&quot;background_video_end&quot;:20,&quot;background_play_on_mobile&quot;:&quot;yes&quot;}\">\n\t\t\t\t\t\t\t\t<div class=\"elementor-background-video-container\">\n\t\t\t\t\t\t\t\t\t\t\t\t\t<div class=\"elementor-background-video-embed\" role=\"presentation\"><\/div>\n\t\t\t\t\t\t\t\t\t\t\t\t<\/div>\n\t\t\t\t\t\t\t\t<div class=\"elementor-container elementor-column-gap-default\">\n\t\t\t\t\t<div class=\"elementor-column elementor-col-100 elementor-top-column elementor-element elementor-element-b7b7fd5\" data-id=\"b7b7fd5\" data-element_type=\"column\" data-e-type=\"column\">\n\t\t\t<div class=\"elementor-widget-wrap elementor-element-populated\">\n\t\t\t\t\t\t<div class=\"elementor-element elementor-element-58b6d125 elementor-widget elementor-widget-spacer\" data-id=\"58b6d125\" data-element_type=\"widget\" data-e-type=\"widget\" data-widget_type=\"spacer.default\">\n\t\t\t\t<div class=\"elementor-widget-container\">\n\t\t\t\t\t\t\t<div class=\"elementor-spacer\">\n\t\t\t<div class=\"elementor-spacer-inner\"><\/div>\n\t\t<\/div>\n\t\t\t\t\t\t<\/div>\n\t\t\t\t<\/div>\n\t\t\t\t\t<\/div>\n\t\t<\/div>\n\t\t\t\t\t<\/div>\n\t\t<\/section>\n\t\t\t\t<section class=\"elementor-section elementor-top-section elementor-element elementor-element-48794027 elementor-section-boxed elementor-section-height-default elementor-section-height-default\" data-id=\"48794027\" data-element_type=\"section\" data-e-type=\"section\">\n\t\t\t\t\t\t<div class=\"elementor-container elementor-column-gap-default\">\n\t\t\t\t\t<div class=\"elementor-column elementor-col-100 elementor-top-column elementor-element elementor-element-424c8d3a\" data-id=\"424c8d3a\" data-element_type=\"column\" data-e-type=\"column\">\n\t\t\t<div class=\"elementor-widget-wrap elementor-element-populated\">\n\t\t\t\t\t\t<div class=\"elementor-element elementor-element-5009018 elementor-widget elementor-widget-spacer\" data-id=\"5009018\" data-element_type=\"widget\" data-e-type=\"widget\" data-widget_type=\"spacer.default\">\n\t\t\t\t<div class=\"elementor-widget-container\">\n\t\t\t\t\t\t\t<div class=\"elementor-spacer\">\n\t\t\t<div class=\"elementor-spacer-inner\"><\/div>\n\t\t<\/div>\n\t\t\t\t\t\t<\/div>\n\t\t\t\t<\/div>\n\t\t\t\t\t<\/div>\n\t\t<\/div>\n\t\t\t\t\t<\/div>\n\t\t<\/section>\n\t\t\t\t<section class=\"elementor-section elementor-top-section elementor-element elementor-element-e863b54 elementor-section-full_width elementor-section-height-default elementor-section-height-default\" data-id=\"e863b54\" data-element_type=\"section\" data-e-type=\"section\" data-settings=\"{&quot;background_background&quot;:&quot;gradient&quot;}\">\n\t\t\t\t\t\t<div class=\"elementor-container elementor-column-gap-default\">\n\t\t\t\t\t<div class=\"elementor-column elementor-col-50 elementor-top-column elementor-element elementor-element-1e0e48f1\" data-id=\"1e0e48f1\" data-element_type=\"column\" data-e-type=\"column\">\n\t\t\t<div class=\"elementor-widget-wrap elementor-element-populated\">\n\t\t\t\t\t\t<div class=\"elementor-element elementor-element-3ff6b497 elementor-widget elementor-widget-heading\" data-id=\"3ff6b497\" data-element_type=\"widget\" data-e-type=\"widget\" data-widget_type=\"heading.default\">\n\t\t\t\t<div class=\"elementor-widget-container\">\n\t\t\t\t\t<h2 class=\"elementor-heading-title elementor-size-default\">Tu tienda n\u00e1utica de confianza<\/h2>\t\t\t\t<\/div>\n\t\t\t\t<\/div>\n\t\t\t\t\t<\/div>\n\t\t<\/div>\n\t\t\t\t<div class=\"elementor-column elementor-col-50 elementor-top-column elementor-element elementor-element-374939f5\" data-id=\"374939f5\" data-element_type=\"column\" data-e-type=\"column\">\n\t\t\t<div class=\"elementor-widget-wrap elementor-element-populated\">\n\t\t\t\t\t\t<div class=\"elementor-element elementor-element-5d0d74ed elementor-align-right elementor-widget elementor-widget-button\" data-id=\"5d0d74ed\" data-element_type=\"widget\" data-e-type=\"widget\" data-widget_type=\"button.default\">\n\t\t\t\t<div class=\"elementor-widget-container\">\n\t\t\t\t\t\t\t\t\t<div class=\"elementor-button-wrapper\">\n\t\t\t\t\t<a class=\"elementor-button elementor-button-link elementor-size-md\" href=\"https:\/\/drive.google.com\/file\/d\/12VDbS5tobgk3D0e3pkLL0Ak6SdnPttij\/view?usp=sharing\">\n\t\t\t\t\t\t<span class=\"elementor-button-content-wrapper\">\n\t\t\t\t\t\t\t\t\t<span class=\"elementor-button-text\">Descargar el cat\u00e1logo<\/span>\n\t\t\t\t\t<\/span>\n\t\t\t\t\t<\/a>\n\t\t\t\t<\/div>\n\t\t\t\t\t\t\t\t<\/div>\n\t\t\t\t<\/div>\n\t\t\t\t\t<\/div>\n\t\t<\/div>\n\t\t\t\t\t<\/div>\n\t\t<\/section>\n\t\t\t\t<\/div>\n\t\t","protected":false},"excerpt":{"rendered":"<p>Distribuidor oficial de Sephco LSMC BANCO DE CARGO Pruebas de rendimiento de emergencia y esenciales completas en centrales el\u00e9ctricas. SEPHCO Mantiene la eficiencia del generador y reduce las emisiones del motor. CALIDAD Carga autom\u00e1tica del generador. Tu tienda n\u00e1utica de confianza Descargar el cat\u00e1logo<\/p>\n","protected":false},"author":2,"featured_media":0,"parent":0,"menu_order":0,"comment_status":"closed","ping_status":"closed","template":"","meta":{"footnotes":""},"class_list":["post-1458","page","type-page","status-publish","hentry"],"yoast_head":"<!-- This site is optimized with the Yoast SEO plugin v27.2 - https:\/\/yoast.com\/product\/yoast-seo-wordpress\/ -->\r\n<title>Sephco - Origin Marine<\/title>\r\n<meta name=\"robots\" content=\"index, follow, max-snippet:-1, max-image-preview:large, max-video-preview:-1\" \/>\r\n<link rel=\"canonical\" href=\"https:\/\/origin-marine.com\/index.php\/sephco-3\" \/>\r\n<meta property=\"og:locale\" content=\"es_ES\" \/>\r\n<meta property=\"og:type\" content=\"article\" \/>\r\n<meta property=\"og:title\" content=\"Sephco - Origin Marine\" \/>\r\n<meta property=\"og:description\" content=\"Distribuidor oficial de Sephco LSMC BANCO DE CARGO Pruebas de rendimiento de emergencia y esenciales completas en centrales el\u00e9ctricas. SEPHCO Mantiene la eficiencia del generador y reduce las emisiones del motor. CALIDAD Carga autom\u00e1tica del generador. Tu tienda n\u00e1utica de confianza Descargar el cat\u00e1logo\" \/>\r\n<meta property=\"og:url\" content=\"https:\/\/origin-marine.com\/index.php\/sephco-3\" \/>\r\n<meta property=\"og:site_name\" content=\"Origin Marine\" \/>\r\n<meta property=\"article:modified_time\" content=\"2021-12-25T16:40:46+00:00\" \/>\r\n<meta property=\"og:image\" content=\"http:\/\/origin-marine.com\/wordpress\/wp-content\/uploads\/2021\/12\/Diseno-sin-titulo-4.png\" \/>\r\n<meta name=\"twitter:card\" content=\"summary_large_image\" \/>\r\n<script type=\"application\/ld+json\" class=\"yoast-schema-graph\">{\"@context\":\"https:\/\/schema.org\",\"@graph\":[{\"@type\":\"WebPage\",\"@id\":\"https:\/\/origin-marine.com\/index.php\/sephco-3\",\"url\":\"https:\/\/origin-marine.com\/index.php\/sephco-3\",\"name\":\"Sephco - Origin Marine\",\"isPartOf\":{\"@id\":\"https:\/\/origin-marine.com\/#website\"},\"primaryImageOfPage\":{\"@id\":\"https:\/\/origin-marine.com\/index.php\/sephco-3#primaryimage\"},\"image\":{\"@id\":\"https:\/\/origin-marine.com\/index.php\/sephco-3#primaryimage\"},\"thumbnailUrl\":\"http:\/\/origin-marine.com\/wordpress\/wp-content\/uploads\/2021\/12\/Diseno-sin-titulo-4.png\",\"datePublished\":\"2021-11-12T16:21:31+00:00\",\"dateModified\":\"2021-12-25T16:40:46+00:00\",\"breadcrumb\":{\"@id\":\"https:\/\/origin-marine.com\/index.php\/sephco-3#breadcrumb\"},\"inLanguage\":\"es\",\"potentialAction\":[{\"@type\":\"ReadAction\",\"target\":[\"https:\/\/origin-marine.com\/index.php\/sephco-3\"]}]},{\"@type\":\"ImageObject\",\"inLanguage\":\"es\",\"@id\":\"https:\/\/origin-marine.com\/index.php\/sephco-3#primaryimage\",\"url\":\"http:\/\/origin-marine.com\/wordpress\/wp-content\/uploads\/2021\/12\/Diseno-sin-titulo-4.png\",\"contentUrl\":\"http:\/\/origin-marine.com\/wordpress\/wp-content\/uploads\/2021\/12\/Diseno-sin-titulo-4.png\"},{\"@type\":\"BreadcrumbList\",\"@id\":\"https:\/\/origin-marine.com\/index.php\/sephco-3#breadcrumb\",\"itemListElement\":[{\"@type\":\"ListItem\",\"position\":1,\"name\":\"Portada\",\"item\":\"https:\/\/origin-marine.com\/\"},{\"@type\":\"ListItem\",\"position\":2,\"name\":\"Sephco\"}]},{\"@type\":\"WebSite\",\"@id\":\"https:\/\/origin-marine.com\/#website\",\"url\":\"https:\/\/origin-marine.com\/\",\"name\":\"Origin Marine\",\"description\":\"Tienda de suministros marinos\",\"publisher\":{\"@id\":\"https:\/\/origin-marine.com\/#organization\"},\"potentialAction\":[{\"@type\":\"SearchAction\",\"target\":{\"@type\":\"EntryPoint\",\"urlTemplate\":\"https:\/\/origin-marine.com\/?s={search_term_string}\"},\"query-input\":{\"@type\":\"PropertyValueSpecification\",\"valueRequired\":true,\"valueName\":\"search_term_string\"}}],\"inLanguage\":\"es\"},{\"@type\":\"Organization\",\"@id\":\"https:\/\/origin-marine.com\/#organization\",\"name\":\"Origin Marine\",\"url\":\"https:\/\/origin-marine.com\/\",\"logo\":{\"@type\":\"ImageObject\",\"inLanguage\":\"es\",\"@id\":\"https:\/\/origin-marine.com\/#\/schema\/logo\/image\/\",\"url\":\"https:\/\/origin-marine.com\/wp-content\/uploads\/2021\/11\/Origin-Marine-Logo-1920-x-300-px-3.png\",\"contentUrl\":\"https:\/\/origin-marine.com\/wp-content\/uploads\/2021\/11\/Origin-Marine-Logo-1920-x-300-px-3.png\",\"width\":1920,\"height\":300,\"caption\":\"Origin Marine\"},\"image\":{\"@id\":\"https:\/\/origin-marine.com\/#\/schema\/logo\/image\/\"}}]}<\/script>\r\n<!-- \/ Yoast SEO plugin. -->","yoast_head_json":{"title":"Sephco - Origin Marine","robots":{"index":"index","follow":"follow","max-snippet":"max-snippet:-1","max-image-preview":"max-image-preview:large","max-video-preview":"max-video-preview:-1"},"canonical":"https:\/\/origin-marine.com\/index.php\/sephco-3","og_locale":"es_ES","og_type":"article","og_title":"Sephco - Origin Marine","og_description":"Distribuidor oficial de Sephco LSMC BANCO DE CARGO Pruebas de rendimiento de emergencia y esenciales completas en centrales el\u00e9ctricas. SEPHCO Mantiene la eficiencia del generador y reduce las emisiones del motor. CALIDAD Carga autom\u00e1tica del generador. Tu tienda n\u00e1utica de confianza Descargar el cat\u00e1logo","og_url":"https:\/\/origin-marine.com\/index.php\/sephco-3","og_site_name":"Origin Marine","article_modified_time":"2021-12-25T16:40:46+00:00","og_image":[{"url":"http:\/\/origin-marine.com\/wordpress\/wp-content\/uploads\/2021\/12\/Diseno-sin-titulo-4.png","type":"","width":"","height":""}],"twitter_card":"summary_large_image","schema":{"@context":"https:\/\/schema.org","@graph":[{"@type":"WebPage","@id":"https:\/\/origin-marine.com\/index.php\/sephco-3","url":"https:\/\/origin-marine.com\/index.php\/sephco-3","name":"Sephco - Origin Marine","isPartOf":{"@id":"https:\/\/origin-marine.com\/#website"},"primaryImageOfPage":{"@id":"https:\/\/origin-marine.com\/index.php\/sephco-3#primaryimage"},"image":{"@id":"https:\/\/origin-marine.com\/index.php\/sephco-3#primaryimage"},"thumbnailUrl":"http:\/\/origin-marine.com\/wordpress\/wp-content\/uploads\/2021\/12\/Diseno-sin-titulo-4.png","datePublished":"2021-11-12T16:21:31+00:00","dateModified":"2021-12-25T16:40:46+00:00","breadcrumb":{"@id":"https:\/\/origin-marine.com\/index.php\/sephco-3#breadcrumb"},"inLanguage":"es","potentialAction":[{"@type":"ReadAction","target":["https:\/\/origin-marine.com\/index.php\/sephco-3"]}]},{"@type":"ImageObject","inLanguage":"es","@id":"https:\/\/origin-marine.com\/index.php\/sephco-3#primaryimage","url":"http:\/\/origin-marine.com\/wordpress\/wp-content\/uploads\/2021\/12\/Diseno-sin-titulo-4.png","contentUrl":"http:\/\/origin-marine.com\/wordpress\/wp-content\/uploads\/2021\/12\/Diseno-sin-titulo-4.png"},{"@type":"BreadcrumbList","@id":"https:\/\/origin-marine.com\/index.php\/sephco-3#breadcrumb","itemListElement":[{"@type":"ListItem","position":1,"name":"Portada","item":"https:\/\/origin-marine.com\/"},{"@type":"ListItem","position":2,"name":"Sephco"}]},{"@type":"WebSite","@id":"https:\/\/origin-marine.com\/#website","url":"https:\/\/origin-marine.com\/","name":"Origin Marine","description":"Tienda de suministros marinos","publisher":{"@id":"https:\/\/origin-marine.com\/#organization"},"potentialAction":[{"@type":"SearchAction","target":{"@type":"EntryPoint","urlTemplate":"https:\/\/origin-marine.com\/?s={search_term_string}"},"query-input":{"@type":"PropertyValueSpecification","valueRequired":true,"valueName":"search_term_string"}}],"inLanguage":"es"},{"@type":"Organization","@id":"https:\/\/origin-marine.com\/#organization","name":"Origin Marine","url":"https:\/\/origin-marine.com\/","logo":{"@type":"ImageObject","inLanguage":"es","@id":"https:\/\/origin-marine.com\/#\/schema\/logo\/image\/","url":"https:\/\/origin-marine.com\/wp-content\/uploads\/2021\/11\/Origin-Marine-Logo-1920-x-300-px-3.png","contentUrl":"https:\/\/origin-marine.com\/wp-content\/uploads\/2021\/11\/Origin-Marine-Logo-1920-x-300-px-3.png","width":1920,"height":300,"caption":"Origin Marine"},"image":{"@id":"https:\/\/origin-marine.com\/#\/schema\/logo\/image\/"}}]}},"_links":{"self":[{"href":"https:\/\/origin-marine.com\/index.php\/wp-json\/wp\/v2\/pages\/1458","targetHints":{"allow":["GET"]}}],"collection":[{"href":"https:\/\/origin-marine.com\/index.php\/wp-json\/wp\/v2\/pages"}],"about":[{"href":"https:\/\/origin-marine.com\/index.php\/wp-json\/wp\/v2\/types\/page"}],"author":[{"embeddable":true,"href":"https:\/\/origin-marine.com\/index.php\/wp-json\/wp\/v2\/users\/2"}],"replies":[{"embeddable":true,"href":"https:\/\/origin-marine.com\/index.php\/wp-json\/wp\/v2\/comments?post=1458"}],"version-history":[{"count":79,"href":"https:\/\/origin-marine.com\/index.php\/wp-json\/wp\/v2\/pages\/1458\/revisions"}],"predecessor-version":[{"id":4986,"href":"https:\/\/origin-marine.com\/index.php\/wp-json\/wp\/v2\/pages\/1458\/revisions\/4986"}],"wp:attachment":[{"href":"https:\/\/origin-marine.com\/index.php\/wp-json\/wp\/v2\/media?parent=1458"}],"curies":[{"name":"wp","href":"https:\/\/api.w.org\/{rel}","templated":true}]}}